{"id":58095,"date":"2025-01-10T13:25:43","date_gmt":"2025-01-10T12:25:43","guid":{"rendered":"https:\/\/autotuning-shop.de\/shop\/produkt\/rueckleuchten-set-peugeot-106-typ-1c-1a-96-03-chrom\/"},"modified":"2025-01-10T13:25:44","modified_gmt":"2025-01-10T12:25:44","slug":"rueckleuchten-set-peugeot-106-typ-1c-1a-96-03-chrom","status":"publish","type":"product","link":"https:\/\/car-2.de\/shop\/produkt\/rueckleuchten-set-peugeot-106-typ-1c-1a-96-03-chrom\/","title":{"rendered":"R\u00fcckleuchten Set Peugeot 106 Typ 1C 1A  96-03 chrom"},"content":{"rendered":"<p><span style=\"display: inline-block; width: 0px; overflow: hidden; line-height: 0;\" data-mce-type=\"bookmark\" class=\"mce_SELRES_start\">\ufeff<\/span><\/p>\n","protected":false},"excerpt":{"rendered":"<p>f\u00fcr Peugeot 106 (S2)f\u00fcr Baujahr: 1996 bis 2003Farbe: chrommit E Pr\u00fcfzeichen (eintragungsfrei)R\u00fcckleuchten Peugeot 106 S2inkl. Kabelstrang1 Set bestehend aus 2 R\u00fcckleuchteneinfache Montagebeste Verarbeitungf\u00fcr Peugeot 106 (S2)f\u00fcr Baujahr: 1996 bis 2003Farbe: chrommit E Pr\u00fcfzeichen (eintragungsfrei)R\u00fcckleuchten Peugeot 106 S2inkl. Kabelstrang1 Set bestehend aus 2 R\u00fcckleuchteneinfache Montagebeste Verarbeitung<\/p>\n","protected":false},"featured_media":58096,"comment_status":"closed","ping_status":"open","template":"","meta":[],"product_brand":[],"product_cat":[633,640],"product_tag":[],"class_list":{"0":"post-58095","1":"product","2":"type-product","3":"status-publish","4":"has-post-thumbnail","6":"product_cat-beleuchtung-tuning","7":"product_cat-rueckleuchten","8":"pa_kfz-hersteller-peugeot","9":"pa_kfz-modell-106-s2","11":"first","12":"instock","13":"purchasable","14":"product-type-simple"},"_links":{"self":[{"href":"https:\/\/car-2.de\/shop\/wp-json\/wp\/v2\/product\/58095","targetHints":{"allow":["GET"]}}],"collection":[{"href":"https:\/\/car-2.de\/shop\/wp-json\/wp\/v2\/product"}],"about":[{"href":"https:\/\/car-2.de\/shop\/wp-json\/wp\/v2\/types\/product"}],"replies":[{"embeddable":true,"href":"https:\/\/car-2.de\/shop\/wp-json\/wp\/v2\/comments?post=58095"}],"wp:featuredmedia":[{"embeddable":true,"href":"https:\/\/car-2.de\/shop\/wp-json\/wp\/v2\/media\/58096"}],"wp:attachment":[{"href":"https:\/\/car-2.de\/shop\/wp-json\/wp\/v2\/media?parent=58095"}],"wp:term":[{"taxonomy":"product_brand","embeddable":true,"href":"https:\/\/car-2.de\/shop\/wp-json\/wp\/v2\/product_brand?post=58095"},{"taxonomy":"product_cat","embeddable":true,"href":"https:\/\/car-2.de\/shop\/wp-json\/wp\/v2\/product_cat?post=58095"},{"taxonomy":"product_tag","embeddable":true,"href":"https:\/\/car-2.de\/shop\/wp-json\/wp\/v2\/product_tag?post=58095"}],"curies":[{"name":"wp","href":"https:\/\/api.w.org\/{rel}","templated":true}]}}