{"id":57079,"date":"2025-01-02T02:18:59","date_gmt":"2025-01-02T01:18:59","guid":{"rendered":"https:\/\/autotuning-shop.de\/shop\/produkt\/fk-gewindefahrwerk-ersatzteile-hinterachse-nur-1-seite-bmw-3er-e36-limo-touring-1992-1999\/"},"modified":"2025-01-02T02:19:02","modified_gmt":"2025-01-02T01:19:02","slug":"fk-gewindefahrwerk-ersatzteile-hinterachse-nur-1-seite-bmw-3er-e36-limo-touring-1992-1999","status":"publish","type":"product","link":"https:\/\/car-2.de\/shop\/produkt\/fk-gewindefahrwerk-ersatzteile-hinterachse-nur-1-seite-bmw-3er-e36-limo-touring-1992-1999\/","title":{"rendered":"FK Gewindefahrwerk Ersatzteile Hinterachse (nur 1 Seite) BMW 3er E36 Limo\/Touring  1992-1999"},"content":{"rendered":"<p><span style=\"display: inline-block; width: 0px; overflow: hidden; line-height: 0;\" data-mce-type=\"bookmark\" class=\"mce_SELRES_start\">\ufeff<\/span><\/p>\n","protected":false},"excerpt":{"rendered":"<p>FK Gewindefahrwerk Ersatzteile Hinterachse (nur 1 Seite)Set bestehend aus 1 HA D\u00e4mpfer, 1 HA Feder und Gewindeklotz inkl. Nutmutternf\u00fcr BMW 3er E36 Limo\/Touring  1992 bis 1999Material: Stahl verzinktTieferlegung ca. 40 bis 80 mmmax. Achslast hinten 1150 kgHINWEIS: nicht f\u00fcr M3 geeignet!FK Gewindefahrwerk Ersatzteile Hinterachse (nur 1 Seite)Set bestehend aus 1 HA D\u00e4mpfer, 1 HA Feder und Gewindeklotz inkl. Nutmutternf\u00fcr BMW 3er E36 Limo\/Touring  1992 bis 1999Material: Stahl verzinktTieferlegung ca. 40 bis 80 mmmax. Achslast hinten 1150 kgHINWEIS: nicht f\u00fcr M3 geeignet!<\/p>\n","protected":false},"featured_media":57080,"comment_status":"closed","ping_status":"open","template":"","meta":[],"product_brand":[],"product_cat":[641,643],"product_tag":[],"class_list":{"0":"post-57079","1":"product","2":"type-product","3":"status-publish","4":"has-post-thumbnail","6":"product_cat-fahrwerk-tuning","7":"product_cat-gewindefahrwerk-ersatzteile","8":"pa_kfz-hersteller-bmw","9":"pa_kfz-modell-3er-e36","11":"first","12":"instock","13":"purchasable","14":"product-type-simple"},"_links":{"self":[{"href":"https:\/\/car-2.de\/shop\/wp-json\/wp\/v2\/product\/57079","targetHints":{"allow":["GET"]}}],"collection":[{"href":"https:\/\/car-2.de\/shop\/wp-json\/wp\/v2\/product"}],"about":[{"href":"https:\/\/car-2.de\/shop\/wp-json\/wp\/v2\/types\/product"}],"replies":[{"embeddable":true,"href":"https:\/\/car-2.de\/shop\/wp-json\/wp\/v2\/comments?post=57079"}],"wp:featuredmedia":[{"embeddable":true,"href":"https:\/\/car-2.de\/shop\/wp-json\/wp\/v2\/media\/57080"}],"wp:attachment":[{"href":"https:\/\/car-2.de\/shop\/wp-json\/wp\/v2\/media?parent=57079"}],"wp:term":[{"taxonomy":"product_brand","embeddable":true,"href":"https:\/\/car-2.de\/shop\/wp-json\/wp\/v2\/product_brand?post=57079"},{"taxonomy":"product_cat","embeddable":true,"href":"https:\/\/car-2.de\/shop\/wp-json\/wp\/v2\/product_cat?post=57079"},{"taxonomy":"product_tag","embeddable":true,"href":"https:\/\/car-2.de\/shop\/wp-json\/wp\/v2\/product_tag?post=57079"}],"curies":[{"name":"wp","href":"https:\/\/api.w.org\/{rel}","templated":true}]}}