{"id":56713,"date":"2025-01-02T02:18:35","date_gmt":"2025-01-02T01:18:35","guid":{"rendered":"https:\/\/autotuning-shop.de\/shop\/produkt\/seitenblinker-blinker-set-porsche-911-991-ab-2012-smoke\/"},"modified":"2025-01-02T02:18:38","modified_gmt":"2025-01-02T01:18:38","slug":"seitenblinker-blinker-set-porsche-911-991-ab-2012-smoke","status":"publish","type":"product","link":"https:\/\/car-2.de\/shop\/produkt\/seitenblinker-blinker-set-porsche-911-991-ab-2012-smoke\/","title":{"rendered":"Seitenblinker Blinker Set Porsche 911 (991)  ab 2012 smoke"},"content":{"rendered":"<p>Design Seitenblinker, die optische Aufwertung innerhalb weniger Minuten. Sie haben ein Fahrzeug das Sie optisch getunt haben. Wie schrecklich sieht dann der orangen farbige Blinker aus. Mit diesem Seitenblinker den wir in weiss, schwarz oder klar anbieten haben Sie die M\u00f6glichkeit mit wenig finanziellen Aufwand diese optische Beeintr\u00e4chtigung zu entfernen. Mit diesen Designblinkern erreichen Sie binnen Minuten eine optische sch\u00f6ne Wirkung und das zu einem g\u00fcnstigen Preis. Im Regelfall sind diese Seitenblinker mit neuster Crystal-Refletortechnik ausgestattet. Das bedeutet das diese in Funktion schon ein wenig wie ein LED Seitenblinker wirken. Auch in Thema Sicherheit werten Sie Ihr Fahrzeug durch den Einbau von Design Seitenblinker auf, den dank der neuen Chrystal-Reflektortechnik auff\u00e4lliger sind und somit von anderen Verkehrsteilnehmer schneller wahrgenommen werden!KEINE KOSTEN EINTRAGUNGSFREI:\u00a0Dieses Seitenblinkerset ist wenn nicht anderes angegeben mit e-Zeichen ausgestattet und sind somit eintragungsfrei. Es fallen keine Kosten f\u00fcr eine kostenpflichtige Eintragung in die Fahrzeugpapiere an.GERINGE EINBAUKOSTEN:\u00a0Die Seitenblinker k\u00f6nnen problemlos von jeder Fachwerkstatt als auch Hobbymonteur binnen ca. 20 Minuten eingebaut werden.Einbauanleitung:\u00a0Die Seitenblinker m\u00fcssen an die originalen Kabel befestigt werden. Nicht immer liegt eine englische Einbauanleitung f\u00fcr die Seitenblinker bei.Die Qualit\u00e4t:\u00a0Die Seitenblinker sind in Erstausr\u00fcsterqualit\u00e4t hergestellt und werden von namhaften Produzenten f\u00fcr das Zubeh\u00f6rgesch\u00e4ft produziert.Der Preis:\u00a0Im Regelfall sind diese Seitenblinker g\u00fcnstiger als die originalen Seitenblinker. Hier lohnt sich ein Preischeck, selbst wenn nur im Falle einen Unfalls nur ein Blinker defekt sein sollte. Die Seitenblinker sind eine g\u00fcnstige Umr\u00fcstm\u00f6glichkeit im Falle eines Unfalls oder im Falle einer Nachr\u00fcstung wenn die originalen Seitenblinker undicht sein sollte!Die Design Seitenblinkertechnik:\u00a0Die Seitenblinker sind nicht nur technisch sondern auch optisch ausgereift und sind im \u00fcbrigen schon 100.000 fach erfolgreich weltweit eingebaut. Sie m\u00f6chten Ihrem Fahrzeug eine sportliche Note geben? Dann sollten Sie gleich dieses tolle Seitenblinker gleich bestellen.Weitere Ausf\u00fchrungsdetails:Design Seitenblinker f\u00fcr die Originalbefestigung an Ihrem Fahrzeug und neuerer Technikverbesserte Lichtwerte gegen\u00fcber Gl\u00fchlampenr\u00fcckleuchten durch neuerer Reflektortechnikwenn nicht anders angegeben auch f\u00fcr Bordcomputer technisch passend, das bedeutet Sie bekommen keine Fehlermeldung angezeigtkeine Eintragung und Eintragungskosten in die Papiere n\u00f6tig, da mit &#8222;E&#8220; Pr\u00fcfzeichen versehenEinfache Montage da die Original Seitenblinker Befestigungspunkte des Fahrzeugs verwendet werden.Lange Lebensdauer durch die Verwendung von hochwertigen Material und ChrombeschichtungenLieferumfang:1 Seitenblinkerset bestehenden aus einem rechten und linken Seitenblinker.<span style=\"display: inline-block; width: 0px; overflow: hidden; line-height: 0;\" data-mce-type=\"bookmark\" class=\"mce_SELRES_start\">\ufeff<\/span><\/p>\n","protected":false},"excerpt":{"rendered":"<p>f\u00fcr Porsche 911 (991) Baujahr ab 2012Farbe: smokemit E Pr\u00fcfzeichen (eintragungsfrei)links + rechts (Set)Seitenblinkerf\u00fcr Porsche 911 (991) Baujahr ab 2012Farbe: smokemit E Pr\u00fcfzeichen (eintragungsfrei)links + rechts (Set)Seitenblinker<\/p>\n","protected":false},"featured_media":56714,"comment_status":"closed","ping_status":"open","template":"","meta":[],"product_brand":[],"product_cat":[633,639],"product_tag":[],"class_list":{"0":"post-56713","1":"product","2":"type-product","3":"status-publish","4":"has-post-thumbnail","6":"product_cat-beleuchtung-tuning","7":"product_cat-blinker","8":"pa_kfz-hersteller-porsche","9":"pa_kfz-modell-911-991","11":"first","12":"instock","13":"purchasable","14":"product-type-simple"},"_links":{"self":[{"href":"https:\/\/car-2.de\/shop\/wp-json\/wp\/v2\/product\/56713","targetHints":{"allow":["GET"]}}],"collection":[{"href":"https:\/\/car-2.de\/shop\/wp-json\/wp\/v2\/product"}],"about":[{"href":"https:\/\/car-2.de\/shop\/wp-json\/wp\/v2\/types\/product"}],"replies":[{"embeddable":true,"href":"https:\/\/car-2.de\/shop\/wp-json\/wp\/v2\/comments?post=56713"}],"wp:featuredmedia":[{"embeddable":true,"href":"https:\/\/car-2.de\/shop\/wp-json\/wp\/v2\/media\/56714"}],"wp:attachment":[{"href":"https:\/\/car-2.de\/shop\/wp-json\/wp\/v2\/media?parent=56713"}],"wp:term":[{"taxonomy":"product_brand","embeddable":true,"href":"https:\/\/car-2.de\/shop\/wp-json\/wp\/v2\/product_brand?post=56713"},{"taxonomy":"product_cat","embeddable":true,"href":"https:\/\/car-2.de\/shop\/wp-json\/wp\/v2\/product_cat?post=56713"},{"taxonomy":"product_tag","embeddable":true,"href":"https:\/\/car-2.de\/shop\/wp-json\/wp\/v2\/product_tag?post=56713"}],"curies":[{"name":"wp","href":"https:\/\/api.w.org\/{rel}","templated":true}]}}