{"id":56645,"date":"2025-01-10T13:38:21","date_gmt":"2025-01-10T12:38:21","guid":{"rendered":"https:\/\/autotuning-shop.de\/shop\/produkt\/laufschienen-fuer-sportsitze-universal-mit-verstellbuegel\/"},"modified":"2025-01-10T13:38:23","modified_gmt":"2025-01-10T12:38:23","slug":"laufschienen-fuer-sportsitze-universal-mit-verstellbuegel","status":"publish","type":"product","link":"https:\/\/car-2.de\/shop\/produkt\/laufschienen-fuer-sportsitze-universal-mit-verstellbuegel\/","title":{"rendered":"Laufschienen f\u00fcr Sportsitze universal mit Verstellb\u00fcgel"},"content":{"rendered":"<p>In dieser Kategorie unseres FK Automotive Online Shops f\u00fcr Tuning und sportliches Autozubeh\u00f6r finden Sie Laufschienen und Sitzkonsolen f\u00fcr unsere FK Sport- und Schalensitze. Die Laufschienen lassen sich unter den Schalen- und Sportsitzen montieren, und man kann somit den Sitz nach vorne und hinten verstellen. Mit den Laufschienen k\u00f6nnen also sowohl Leute mit langen als auch mit kurzen Beinen mit dem Fahrzeug fahren, in welchem unsere hochwertigen Sport- und Schalensitze verbaut sind. Sollten Sie sich einen komplett starren Sitz w\u00fcnschen, welchem einem das ultimative Rennsportgef\u00fchl vermittelt, k\u00f6nnen Sie bei uns im Online Shop Sitzkonsolen erwerben. Diese Sitzkonsolen sind Rahmen, die unter dem Sitz befestigt werden, welche dann wiederum im Fahrzeuginneren an der Karosserie fixiert werden. So erhalten Sie einen Starren Rennfahrersitz. Sollten Sie jedoch zwei R\u00fccksitze haben, und jemanden mitnehmen wollen, stellt sich die starre Sitzkonsole als eher unpraktisch heraus. Wenn Sie also in den Genuss unserer sportlichen Renn- und Schalensitze kommen wollen, aber dennoch nicht die Familientauglichkeit Ihres Fahrzeugs verlieren wollen, dann bieten wir auch klappbare Sitzkonsolen an. Auf dieser wird auch &#8211; wie bei der obrigen Sitzkonsole \u2013 der Sport- oder Schalensitz aus unserm Hause montiert, und dann im Fahrzeuginneren an den von der Karosserie vorgesehenen Stellen fixiert. Der Vorteil der klappbaren Sitzkonsolen ist jedoch, dass man mit Ihnen den Sitz nach vorne klappen kann, und so anderen den Einstieg in Ihr Fahrzeug erm\u00f6glicht. Da es sich hierbei doch um sehr rennsportliche Ambitionen dreht, sind sowohl unserer Laufschienen als auch unsere Sitzkonsolen wie auch unsere Sitze laut Stra\u00dfenverkehrsordnung leider nicht zugelassen.<span style=\"display: inline-block; width: 0px; overflow: hidden; line-height: 0;\" data-mce-type=\"bookmark\" class=\"mce_SELRES_start\">\ufeff<\/span><\/p>\n","protected":false},"excerpt":{"rendered":"<p>universal passend f\u00fcr FK Sportsitzef\u00fcr Konsolenma\u00df: 405mmmit Verstellb\u00fcgelohne ZulassungMa\u00dfe: L: 34cm, B: 4cmuniversal passend f\u00fcr FK Sportsitzef\u00fcr Konsolenma\u00df: 405mmmit Verstellb\u00fcgelohne ZulassungMa\u00dfe: L: 34cm, B: 4cm<\/p>\n","protected":false},"featured_media":56660,"comment_status":"closed","ping_status":"open","template":"","meta":[],"product_brand":[],"product_cat":[658,655],"product_tag":[],"class_list":{"0":"post-56645","1":"product","2":"type-product","3":"status-publish","4":"has-post-thumbnail","6":"product_cat-sportsitz-zubehoer","7":"product_cat-sportsitze-gurte","8":"pa_kfz-hersteller-universal","9":"pa_kfz-modell-universal","11":"first","12":"instock","13":"purchasable","14":"product-type-simple"},"_links":{"self":[{"href":"https:\/\/car-2.de\/shop\/wp-json\/wp\/v2\/product\/56645","targetHints":{"allow":["GET"]}}],"collection":[{"href":"https:\/\/car-2.de\/shop\/wp-json\/wp\/v2\/product"}],"about":[{"href":"https:\/\/car-2.de\/shop\/wp-json\/wp\/v2\/types\/product"}],"replies":[{"embeddable":true,"href":"https:\/\/car-2.de\/shop\/wp-json\/wp\/v2\/comments?post=56645"}],"wp:featuredmedia":[{"embeddable":true,"href":"https:\/\/car-2.de\/shop\/wp-json\/wp\/v2\/media\/56660"}],"wp:attachment":[{"href":"https:\/\/car-2.de\/shop\/wp-json\/wp\/v2\/media?parent=56645"}],"wp:term":[{"taxonomy":"product_brand","embeddable":true,"href":"https:\/\/car-2.de\/shop\/wp-json\/wp\/v2\/product_brand?post=56645"},{"taxonomy":"product_cat","embeddable":true,"href":"https:\/\/car-2.de\/shop\/wp-json\/wp\/v2\/product_cat?post=56645"},{"taxonomy":"product_tag","embeddable":true,"href":"https:\/\/car-2.de\/shop\/wp-json\/wp\/v2\/product_tag?post=56645"}],"curies":[{"name":"wp","href":"https:\/\/api.w.org\/{rel}","templated":true}]}}