{"id":56429,"date":"2025-01-10T13:38:10","date_gmt":"2025-01-10T12:38:10","guid":{"rendered":"https:\/\/autotuning-shop.de\/shop\/produkt\/fk-gamesitz-spielsitz-rennsimulator-egaming-seats-monaco-schwarz\/"},"modified":"2025-01-10T13:38:12","modified_gmt":"2025-01-10T12:38:12","slug":"fk-gamesitz-spielsitz-rennsimulator-egaming-seats-monaco-schwarz","status":"publish","type":"product","link":"https:\/\/car-2.de\/shop\/produkt\/fk-gamesitz-spielsitz-rennsimulator-egaming-seats-monaco-schwarz\/","title":{"rendered":"FK Gamesitz Spielsitz Rennsimulator eGaming Seats Monaco schwarz"},"content":{"rendered":"<p><span style=\"display: inline-block; width: 0px; overflow: hidden; line-height: 0;\" data-mce-type=\"bookmark\" class=\"mce_SELRES_start\">\ufeff<\/span><\/p>\n","protected":false},"excerpt":{"rendered":"<p>FK Gamesitz Spielsitz Rennsimulator eGaming SeatsFarbe: schwarzBezug: TextilgewebeRennsimulator f\u00fcr PC oder Spielekonsoleinkl. Halterung f\u00fcr Gangschaltung, Lenkradplatte und Pedalplatteverstellbarer Stahlrahmen + klappbarer Sitzkeine st\u00f6rende Mittels\u00e4ulepassende Teppiche hierzu: FKRSEB1901 \/ FKRSEB1905 \/ FKRSEB1907Ma\u00dfe: ca. 120 x 50 x 80 cmFK Gamesitz Spielsitz Rennsimulator eGaming SeatsFarbe: schwarzBezug: TextilgewebeRennsimulator f\u00fcr PC oder Spielekonsoleinkl. Halterung f\u00fcr Gangschaltung, Lenkradplatte und Pedalplatteverstellbarer Stahlrahmen + klappbarer Sitzkeine st\u00f6rende Mittels\u00e4ulepassende Teppiche hierzu: FKRSEB1901 \/ FKRSEB1905 \/ FKRSEB1907Ma\u00dfe: ca. 120 x 50 x 80 cm<\/p>\n","protected":false},"featured_media":56437,"comment_status":"closed","ping_status":"open","template":"","meta":[],"product_brand":[],"product_cat":[674,655],"product_tag":[],"class_list":{"0":"post-56429","1":"product","2":"type-product","3":"status-publish","4":"has-post-thumbnail","6":"product_cat-game-sitz","7":"product_cat-sportsitze-gurte","8":"pa_kfz-hersteller-universal","9":"pa_kfz-modell-universal","11":"first","12":"instock","13":"purchasable","14":"product-type-simple"},"_links":{"self":[{"href":"https:\/\/car-2.de\/shop\/wp-json\/wp\/v2\/product\/56429","targetHints":{"allow":["GET"]}}],"collection":[{"href":"https:\/\/car-2.de\/shop\/wp-json\/wp\/v2\/product"}],"about":[{"href":"https:\/\/car-2.de\/shop\/wp-json\/wp\/v2\/types\/product"}],"replies":[{"embeddable":true,"href":"https:\/\/car-2.de\/shop\/wp-json\/wp\/v2\/comments?post=56429"}],"wp:featuredmedia":[{"embeddable":true,"href":"https:\/\/car-2.de\/shop\/wp-json\/wp\/v2\/media\/56437"}],"wp:attachment":[{"href":"https:\/\/car-2.de\/shop\/wp-json\/wp\/v2\/media?parent=56429"}],"wp:term":[{"taxonomy":"product_brand","embeddable":true,"href":"https:\/\/car-2.de\/shop\/wp-json\/wp\/v2\/product_brand?post=56429"},{"taxonomy":"product_cat","embeddable":true,"href":"https:\/\/car-2.de\/shop\/wp-json\/wp\/v2\/product_cat?post=56429"},{"taxonomy":"product_tag","embeddable":true,"href":"https:\/\/car-2.de\/shop\/wp-json\/wp\/v2\/product_tag?post=56429"}],"curies":[{"name":"wp","href":"https:\/\/api.w.org\/{rel}","templated":true}]}}