{"id":55159,"date":"2025-01-10T13:37:13","date_gmt":"2025-01-10T12:37:13","guid":{"rendered":"https:\/\/autotuning-shop.de\/shop\/produkt\/led-rueckleuchten-set-vw-passat-3bg-variant-01-02-chrom\/"},"modified":"2025-01-10T13:37:13","modified_gmt":"2025-01-10T12:37:13","slug":"led-rueckleuchten-set-vw-passat-3bg-variant-01-02-chrom","status":"publish","type":"product","link":"https:\/\/car-2.de\/shop\/produkt\/led-rueckleuchten-set-vw-passat-3bg-variant-01-02-chrom\/","title":{"rendered":"LED R\u00fcckleuchten Set VW Passat 3BG Variant  01-02 chrom"},"content":{"rendered":"<p><span style=\"display: inline-block; width: 0px; overflow: hidden; line-height: 0;\" data-mce-type=\"bookmark\" class=\"mce_SELRES_start\">\ufeff<\/span><\/p>\n","protected":false},"excerpt":{"rendered":"<p>f\u00fcr Baujahr:2001 bis 2002Farbe: chrommit E Pr\u00fcfzeichen (eintragungsfrei)led R\u00fcckleuchten VW Passat B5 3BGnur f\u00fcr Variantmit LED Blinkerlinks + rechts (Set)Top Qualit\u00e4t und Designf\u00fcr Baujahr:2001 bis 2002Farbe: chrommit E Pr\u00fcfzeichen (eintragungsfrei)led R\u00fcckleuchten VW Passat B5 3BGnur f\u00fcr Variantmit LED Blinkerlinks + rechts (Set)Top Qualit\u00e4t und Design<\/p>\n","protected":false},"featured_media":55175,"comment_status":"closed","ping_status":"open","template":"","meta":[],"product_brand":[],"product_cat":[633,640],"product_tag":[],"class_list":{"0":"post-55159","1":"product","2":"type-product","3":"status-publish","4":"has-post-thumbnail","6":"product_cat-beleuchtung-tuning","7":"product_cat-rueckleuchten","8":"pa_kfz-hersteller-vw","9":"pa_kfz-modell-passat-b5-3bg","11":"first","12":"instock","13":"purchasable","14":"product-type-simple"},"_links":{"self":[{"href":"https:\/\/car-2.de\/shop\/wp-json\/wp\/v2\/product\/55159","targetHints":{"allow":["GET"]}}],"collection":[{"href":"https:\/\/car-2.de\/shop\/wp-json\/wp\/v2\/product"}],"about":[{"href":"https:\/\/car-2.de\/shop\/wp-json\/wp\/v2\/types\/product"}],"replies":[{"embeddable":true,"href":"https:\/\/car-2.de\/shop\/wp-json\/wp\/v2\/comments?post=55159"}],"wp:featuredmedia":[{"embeddable":true,"href":"https:\/\/car-2.de\/shop\/wp-json\/wp\/v2\/media\/55175"}],"wp:attachment":[{"href":"https:\/\/car-2.de\/shop\/wp-json\/wp\/v2\/media?parent=55159"}],"wp:term":[{"taxonomy":"product_brand","embeddable":true,"href":"https:\/\/car-2.de\/shop\/wp-json\/wp\/v2\/product_brand?post=55159"},{"taxonomy":"product_cat","embeddable":true,"href":"https:\/\/car-2.de\/shop\/wp-json\/wp\/v2\/product_cat?post=55159"},{"taxonomy":"product_tag","embeddable":true,"href":"https:\/\/car-2.de\/shop\/wp-json\/wp\/v2\/product_tag?post=55159"}],"curies":[{"name":"wp","href":"https:\/\/api.w.org\/{rel}","templated":true}]}}