{"id":54994,"date":"2025-01-02T02:17:00","date_gmt":"2025-01-02T01:17:00","guid":{"rendered":"https:\/\/autotuning-shop.de\/shop\/produkt\/led-rueckleuchten-set-seat-leon-typ-1p-09-12-rot-klar\/"},"modified":"2025-01-02T02:17:00","modified_gmt":"2025-01-02T01:17:00","slug":"led-rueckleuchten-set-seat-leon-typ-1p-09-12-rot-klar","status":"publish","type":"product","link":"https:\/\/car-2.de\/shop\/produkt\/led-rueckleuchten-set-seat-leon-typ-1p-09-12-rot-klar\/","title":{"rendered":"LED R\u00fcckleuchten Set Seat Leon Typ 1P  09-12 rot\/klar"},"content":{"rendered":"<p><span style=\"display: inline-block; width: 0px; overflow: hidden; line-height: 0;\" data-mce-type=\"bookmark\" class=\"mce_SELRES_start\">\ufeff<\/span><\/p>\n","protected":false},"excerpt":{"rendered":"<p>f\u00fcr Seat Leon 2 (1P)f\u00fcr Baujahr: 2009 bis 2012Farbe: rot\/klarmit E Pr\u00fcfzeichenled R\u00fcckleuchten Seat Leon 2 1Pmit LED Blinkerlinks + rechts (Set)Top Qualit\u00e4t im top Designf\u00fcr Seat Leon 2 (1P)f\u00fcr Baujahr: 2009 bis 2012Farbe: rot\/klarmit E Pr\u00fcfzeichenled R\u00fcckleuchten Seat Leon 2 1Pmit LED Blinkerlinks + rechts (Set)Top Qualit\u00e4t im top Design<\/p>\n","protected":false},"featured_media":54995,"comment_status":"closed","ping_status":"open","template":"","meta":[],"product_brand":[],"product_cat":[633,640],"product_tag":[],"class_list":{"0":"post-54994","1":"product","2":"type-product","3":"status-publish","4":"has-post-thumbnail","6":"product_cat-beleuchtung-tuning","7":"product_cat-rueckleuchten","8":"pa_kfz-hersteller-seat","9":"pa_kfz-modell-leon-2-1p","11":"first","12":"instock","13":"purchasable","14":"product-type-simple"},"_links":{"self":[{"href":"https:\/\/car-2.de\/shop\/wp-json\/wp\/v2\/product\/54994","targetHints":{"allow":["GET"]}}],"collection":[{"href":"https:\/\/car-2.de\/shop\/wp-json\/wp\/v2\/product"}],"about":[{"href":"https:\/\/car-2.de\/shop\/wp-json\/wp\/v2\/types\/product"}],"replies":[{"embeddable":true,"href":"https:\/\/car-2.de\/shop\/wp-json\/wp\/v2\/comments?post=54994"}],"wp:featuredmedia":[{"embeddable":true,"href":"https:\/\/car-2.de\/shop\/wp-json\/wp\/v2\/media\/54995"}],"wp:attachment":[{"href":"https:\/\/car-2.de\/shop\/wp-json\/wp\/v2\/media?parent=54994"}],"wp:term":[{"taxonomy":"product_brand","embeddable":true,"href":"https:\/\/car-2.de\/shop\/wp-json\/wp\/v2\/product_brand?post=54994"},{"taxonomy":"product_cat","embeddable":true,"href":"https:\/\/car-2.de\/shop\/wp-json\/wp\/v2\/product_cat?post=54994"},{"taxonomy":"product_tag","embeddable":true,"href":"https:\/\/car-2.de\/shop\/wp-json\/wp\/v2\/product_tag?post=54994"}],"curies":[{"name":"wp","href":"https:\/\/api.w.org\/{rel}","templated":true}]}}