{"id":54922,"date":"2025-01-02T02:16:52","date_gmt":"2025-01-02T01:16:52","guid":{"rendered":"https:\/\/autotuning-shop.de\/shop\/produkt\/led-rueckleuchten-set-renault-clio-4-x98-2012-2016-schwarz\/"},"modified":"2025-01-02T02:16:56","modified_gmt":"2025-01-02T01:16:56","slug":"led-rueckleuchten-set-renault-clio-4-x98-2012-2016-schwarz","status":"publish","type":"product","link":"https:\/\/car-2.de\/shop\/produkt\/led-rueckleuchten-set-renault-clio-4-x98-2012-2016-schwarz\/","title":{"rendered":"LED R\u00fcckleuchten Set Renault Clio 4 (X98) 2012 &#8211; 2016 schwarz"},"content":{"rendered":"<p><span style=\"display: inline-block; width: 0px; overflow: hidden; line-height: 0;\" data-mce-type=\"bookmark\" class=\"mce_SELRES_start\">\ufeff<\/span><\/p>\n","protected":false},"excerpt":{"rendered":"<p>f\u00fcr Renault Clio 4 (X98)LED R\u00fcckleuchten f\u00fcr Renault Clio 4 (X98)f\u00fcr Baujahr: 2012 &#8211; 2016Farbe: schwarzmit E Pr\u00fcfzeichen (eintragungsfrei)links + rechts (Set)f\u00fcr Renault Clio 4 (X98)LED R\u00fcckleuchten f\u00fcr Renault Clio 4 (X98)f\u00fcr Baujahr: 2012 &#8211; 2016Farbe: schwarzmit E Pr\u00fcfzeichen (eintragungsfrei)links + rechts (Set)<\/p>\n","protected":false},"featured_media":54923,"comment_status":"closed","ping_status":"open","template":"","meta":[],"product_brand":[],"product_cat":[633,640],"product_tag":[],"class_list":{"0":"post-54922","1":"product","2":"type-product","3":"status-publish","4":"has-post-thumbnail","6":"product_cat-beleuchtung-tuning","7":"product_cat-rueckleuchten","8":"pa_kfz-hersteller-renault","9":"pa_kfz-modell-clio-4-x98","11":"first","12":"instock","13":"purchasable","14":"product-type-simple"},"_links":{"self":[{"href":"https:\/\/car-2.de\/shop\/wp-json\/wp\/v2\/product\/54922","targetHints":{"allow":["GET"]}}],"collection":[{"href":"https:\/\/car-2.de\/shop\/wp-json\/wp\/v2\/product"}],"about":[{"href":"https:\/\/car-2.de\/shop\/wp-json\/wp\/v2\/types\/product"}],"replies":[{"embeddable":true,"href":"https:\/\/car-2.de\/shop\/wp-json\/wp\/v2\/comments?post=54922"}],"wp:featuredmedia":[{"embeddable":true,"href":"https:\/\/car-2.de\/shop\/wp-json\/wp\/v2\/media\/54923"}],"wp:attachment":[{"href":"https:\/\/car-2.de\/shop\/wp-json\/wp\/v2\/media?parent=54922"}],"wp:term":[{"taxonomy":"product_brand","embeddable":true,"href":"https:\/\/car-2.de\/shop\/wp-json\/wp\/v2\/product_brand?post=54922"},{"taxonomy":"product_cat","embeddable":true,"href":"https:\/\/car-2.de\/shop\/wp-json\/wp\/v2\/product_cat?post=54922"},{"taxonomy":"product_tag","embeddable":true,"href":"https:\/\/car-2.de\/shop\/wp-json\/wp\/v2\/product_tag?post=54922"}],"curies":[{"name":"wp","href":"https:\/\/api.w.org\/{rel}","templated":true}]}}