{"id":54884,"date":"2025-01-02T02:16:52","date_gmt":"2025-01-02T01:16:52","guid":{"rendered":"https:\/\/autotuning-shop.de\/shop\/produkt\/led-rueckleuchten-set-porsche-911-typ-997-05-09-rot-klar\/"},"modified":"2025-01-02T02:16:55","modified_gmt":"2025-01-02T01:16:55","slug":"led-rueckleuchten-set-porsche-911-typ-997-05-09-rot-klar","status":"publish","type":"product","link":"https:\/\/car-2.de\/shop\/produkt\/led-rueckleuchten-set-porsche-911-typ-997-05-09-rot-klar\/","title":{"rendered":"LED R\u00fcckleuchten Set Porsche 911 Typ 997  05-09 rot\/klar"},"content":{"rendered":"<p><span style=\"display: inline-block; width: 0px; overflow: hidden; line-height: 0;\" data-mce-type=\"bookmark\" class=\"mce_SELRES_start\">\ufeff<\/span><\/p>\n","protected":false},"excerpt":{"rendered":"<p>f\u00fcr Porsche 911 (997)f\u00fcr Baujahr: 2005 bis 2009Farbe: rot\/klarmit E Pr\u00fcfzeichenled R\u00fcckleuchten Porsche 911 997mit LED Blinkerlinks + rechts (Set)Top Qualit\u00e4t im top Designf\u00fcr Porsche 911 (997)f\u00fcr Baujahr: 2005 bis 2009Farbe: rot\/klarmit E Pr\u00fcfzeichenled R\u00fcckleuchten Porsche 911 997mit LED Blinkerlinks + rechts (Set)Top Qualit\u00e4t im top Design<\/p>\n","protected":false},"featured_media":54885,"comment_status":"closed","ping_status":"open","template":"","meta":[],"product_brand":[],"product_cat":[633,640],"product_tag":[],"class_list":{"0":"post-54884","1":"product","2":"type-product","3":"status-publish","4":"has-post-thumbnail","6":"product_cat-beleuchtung-tuning","7":"product_cat-rueckleuchten","8":"pa_kfz-hersteller-porsche","9":"pa_kfz-modell-911-997","11":"first","12":"instock","13":"purchasable","14":"product-type-simple"},"_links":{"self":[{"href":"https:\/\/car-2.de\/shop\/wp-json\/wp\/v2\/product\/54884","targetHints":{"allow":["GET"]}}],"collection":[{"href":"https:\/\/car-2.de\/shop\/wp-json\/wp\/v2\/product"}],"about":[{"href":"https:\/\/car-2.de\/shop\/wp-json\/wp\/v2\/types\/product"}],"replies":[{"embeddable":true,"href":"https:\/\/car-2.de\/shop\/wp-json\/wp\/v2\/comments?post=54884"}],"wp:featuredmedia":[{"embeddable":true,"href":"https:\/\/car-2.de\/shop\/wp-json\/wp\/v2\/media\/54885"}],"wp:attachment":[{"href":"https:\/\/car-2.de\/shop\/wp-json\/wp\/v2\/media?parent=54884"}],"wp:term":[{"taxonomy":"product_brand","embeddable":true,"href":"https:\/\/car-2.de\/shop\/wp-json\/wp\/v2\/product_brand?post=54884"},{"taxonomy":"product_cat","embeddable":true,"href":"https:\/\/car-2.de\/shop\/wp-json\/wp\/v2\/product_cat?post=54884"},{"taxonomy":"product_tag","embeddable":true,"href":"https:\/\/car-2.de\/shop\/wp-json\/wp\/v2\/product_tag?post=54884"}],"curies":[{"name":"wp","href":"https:\/\/api.w.org\/{rel}","templated":true}]}}