{"id":54827,"date":"2025-01-02T02:16:44","date_gmt":"2025-01-02T01:16:44","guid":{"rendered":"https:\/\/autotuning-shop.de\/shop\/produkt\/led-rueckleuchten-opel-astra-h-3-tuerig-baujahr-04-08-rot-schwarz\/"},"modified":"2025-01-02T02:16:50","modified_gmt":"2025-01-02T01:16:50","slug":"led-rueckleuchten-opel-astra-h-3-tuerig-baujahr-04-08-rot-schwarz","status":"publish","type":"product","link":"https:\/\/car-2.de\/shop\/produkt\/led-rueckleuchten-opel-astra-h-3-tuerig-baujahr-04-08-rot-schwarz\/","title":{"rendered":"LED R\u00fcckleuchten Opel Astra H 3-t\u00fcrig Baujahr 04-08 rot\/schwarz"},"content":{"rendered":"<p><span style=\"display: inline-block; width: 0px; overflow: hidden; line-height: 0;\" data-mce-type=\"bookmark\" class=\"mce_SELRES_start\">\ufeff<\/span><\/p>\n","protected":false},"excerpt":{"rendered":"<p>f\u00fcr Baujahr: 2004 bis 2008Farbe: rot\/schwarzmit E Pr\u00fcfzeichen (eintragungsfrei)led R\u00fcckleuchten Opel Astra Hlinks + rechts (Set)Top Qualit\u00e4t und Designf\u00fcr Baujahr: 2004 bis 2008Farbe: rot\/schwarzmit E Pr\u00fcfzeichen (eintragungsfrei)led R\u00fcckleuchten Opel Astra Hlinks + rechts (Set)Top Qualit\u00e4t und Design<\/p>\n","protected":false},"featured_media":54828,"comment_status":"closed","ping_status":"open","template":"","meta":[],"product_brand":[],"product_cat":[633,640],"product_tag":[],"class_list":{"0":"post-54827","1":"product","2":"type-product","3":"status-publish","4":"has-post-thumbnail","6":"product_cat-beleuchtung-tuning","7":"product_cat-rueckleuchten","8":"pa_kfz-hersteller-opel","9":"pa_kfz-modell-astra-h","11":"first","12":"instock","13":"purchasable","14":"product-type-simple"},"_links":{"self":[{"href":"https:\/\/car-2.de\/shop\/wp-json\/wp\/v2\/product\/54827","targetHints":{"allow":["GET"]}}],"collection":[{"href":"https:\/\/car-2.de\/shop\/wp-json\/wp\/v2\/product"}],"about":[{"href":"https:\/\/car-2.de\/shop\/wp-json\/wp\/v2\/types\/product"}],"replies":[{"embeddable":true,"href":"https:\/\/car-2.de\/shop\/wp-json\/wp\/v2\/comments?post=54827"}],"wp:featuredmedia":[{"embeddable":true,"href":"https:\/\/car-2.de\/shop\/wp-json\/wp\/v2\/media\/54828"}],"wp:attachment":[{"href":"https:\/\/car-2.de\/shop\/wp-json\/wp\/v2\/media?parent=54827"}],"wp:term":[{"taxonomy":"product_brand","embeddable":true,"href":"https:\/\/car-2.de\/shop\/wp-json\/wp\/v2\/product_brand?post=54827"},{"taxonomy":"product_cat","embeddable":true,"href":"https:\/\/car-2.de\/shop\/wp-json\/wp\/v2\/product_cat?post=54827"},{"taxonomy":"product_tag","embeddable":true,"href":"https:\/\/car-2.de\/shop\/wp-json\/wp\/v2\/product_tag?post=54827"}],"curies":[{"name":"wp","href":"https:\/\/api.w.org\/{rel}","templated":true}]}}