{"id":54819,"date":"2025-01-02T02:16:44","date_gmt":"2025-01-02T01:16:44","guid":{"rendered":"https:\/\/autotuning-shop.de\/shop\/produkt\/led-rueckleuchten-set-opel-astra-h-gtc-04-08-rot-klar\/"},"modified":"2025-01-02T02:16:50","modified_gmt":"2025-01-02T01:16:50","slug":"led-rueckleuchten-set-opel-astra-h-gtc-04-08-rot-klar","status":"publish","type":"product","link":"https:\/\/car-2.de\/shop\/produkt\/led-rueckleuchten-set-opel-astra-h-gtc-04-08-rot-klar\/","title":{"rendered":"LED R\u00fcckleuchten Set Opel Astra H GTC  04-08 rot\/klar"},"content":{"rendered":"<p><span style=\"display: inline-block; width: 0px; overflow: hidden; line-height: 0;\" data-mce-type=\"bookmark\" class=\"mce_SELRES_start\">\ufeff<\/span><\/p>\n","protected":false},"excerpt":{"rendered":"<p>f\u00fcr Baujahr: 2004 bis 2008Farbe: rot\/klarmit E Pr\u00fcfzeichen (eintragungsfrei)led R\u00fcckleuchten Opel Astra Hlinks + rechts (Set)Top Qualit\u00e4t und Designf\u00fcr Baujahr: 2004 bis 2008Farbe: rot\/klarmit E Pr\u00fcfzeichen (eintragungsfrei)led R\u00fcckleuchten Opel Astra Hlinks + rechts (Set)Top Qualit\u00e4t und Design<\/p>\n","protected":false},"featured_media":54820,"comment_status":"closed","ping_status":"open","template":"","meta":[],"product_brand":[],"product_cat":[633,640],"product_tag":[],"class_list":{"0":"post-54819","1":"product","2":"type-product","3":"status-publish","4":"has-post-thumbnail","6":"product_cat-beleuchtung-tuning","7":"product_cat-rueckleuchten","8":"pa_kfz-hersteller-opel","9":"pa_kfz-modell-astra-h","11":"first","12":"instock","13":"purchasable","14":"product-type-simple"},"_links":{"self":[{"href":"https:\/\/car-2.de\/shop\/wp-json\/wp\/v2\/product\/54819","targetHints":{"allow":["GET"]}}],"collection":[{"href":"https:\/\/car-2.de\/shop\/wp-json\/wp\/v2\/product"}],"about":[{"href":"https:\/\/car-2.de\/shop\/wp-json\/wp\/v2\/types\/product"}],"replies":[{"embeddable":true,"href":"https:\/\/car-2.de\/shop\/wp-json\/wp\/v2\/comments?post=54819"}],"wp:featuredmedia":[{"embeddable":true,"href":"https:\/\/car-2.de\/shop\/wp-json\/wp\/v2\/media\/54820"}],"wp:attachment":[{"href":"https:\/\/car-2.de\/shop\/wp-json\/wp\/v2\/media?parent=54819"}],"wp:term":[{"taxonomy":"product_brand","embeddable":true,"href":"https:\/\/car-2.de\/shop\/wp-json\/wp\/v2\/product_brand?post=54819"},{"taxonomy":"product_cat","embeddable":true,"href":"https:\/\/car-2.de\/shop\/wp-json\/wp\/v2\/product_cat?post=54819"},{"taxonomy":"product_tag","embeddable":true,"href":"https:\/\/car-2.de\/shop\/wp-json\/wp\/v2\/product_tag?post=54819"}],"curies":[{"name":"wp","href":"https:\/\/api.w.org\/{rel}","templated":true}]}}