{"id":54684,"date":"2025-01-02T02:16:36","date_gmt":"2025-01-02T01:16:36","guid":{"rendered":"https:\/\/autotuning-shop.de\/shop\/produkt\/led-rueckleuchten-set-land-rover-discovery-3-04-09-chrom\/"},"modified":"2025-01-02T02:16:41","modified_gmt":"2025-01-02T01:16:41","slug":"led-rueckleuchten-set-land-rover-discovery-3-04-09-chrom","status":"publish","type":"product","link":"https:\/\/car-2.de\/shop\/produkt\/led-rueckleuchten-set-land-rover-discovery-3-04-09-chrom\/","title":{"rendered":"LED R\u00fcckleuchten Set Land Rover Discovery 3  04-09 chrom"},"content":{"rendered":"<p><span style=\"display: inline-block; width: 0px; overflow: hidden; line-height: 0;\" data-mce-type=\"bookmark\" class=\"mce_SELRES_start\">\ufeff<\/span><\/p>\n","protected":false},"excerpt":{"rendered":"<p>f\u00fcr Land Rover Discovery 3LED R\u00fcckleuchten f\u00fcr Land Rover Discovery 3f\u00fcr Baujahr: 2004 bis 2009Farbe: chrommit E Pr\u00fcfzeichen (eintragungsfrei)links + rechts (Set)f\u00fcr Land Rover Discovery 3LED R\u00fcckleuchten f\u00fcr Land Rover Discovery 3f\u00fcr Baujahr: 2004 bis 2009Farbe: chrommit E Pr\u00fcfzeichen (eintragungsfrei)links + rechts (Set)<\/p>\n","protected":false},"featured_media":54685,"comment_status":"closed","ping_status":"open","template":"","meta":[],"product_brand":[],"product_cat":[633,640],"product_tag":[],"class_list":{"0":"post-54684","1":"product","2":"type-product","3":"status-publish","4":"has-post-thumbnail","6":"product_cat-beleuchtung-tuning","7":"product_cat-rueckleuchten","8":"pa_kfz-hersteller-land-rover","9":"pa_kfz-modell-discovery-3","11":"first","12":"instock","13":"purchasable","14":"product-type-simple"},"_links":{"self":[{"href":"https:\/\/car-2.de\/shop\/wp-json\/wp\/v2\/product\/54684","targetHints":{"allow":["GET"]}}],"collection":[{"href":"https:\/\/car-2.de\/shop\/wp-json\/wp\/v2\/product"}],"about":[{"href":"https:\/\/car-2.de\/shop\/wp-json\/wp\/v2\/types\/product"}],"replies":[{"embeddable":true,"href":"https:\/\/car-2.de\/shop\/wp-json\/wp\/v2\/comments?post=54684"}],"wp:featuredmedia":[{"embeddable":true,"href":"https:\/\/car-2.de\/shop\/wp-json\/wp\/v2\/media\/54685"}],"wp:attachment":[{"href":"https:\/\/car-2.de\/shop\/wp-json\/wp\/v2\/media?parent=54684"}],"wp:term":[{"taxonomy":"product_brand","embeddable":true,"href":"https:\/\/car-2.de\/shop\/wp-json\/wp\/v2\/product_brand?post=54684"},{"taxonomy":"product_cat","embeddable":true,"href":"https:\/\/car-2.de\/shop\/wp-json\/wp\/v2\/product_cat?post=54684"},{"taxonomy":"product_tag","embeddable":true,"href":"https:\/\/car-2.de\/shop\/wp-json\/wp\/v2\/product_tag?post=54684"}],"curies":[{"name":"wp","href":"https:\/\/api.w.org\/{rel}","templated":true}]}}