{"id":54676,"date":"2025-01-02T02:16:36","date_gmt":"2025-01-02T01:16:36","guid":{"rendered":"https:\/\/autotuning-shop.de\/shop\/produkt\/led-rueckleuchten-set-land-rover-range-rover-evoque-ab-2011-schwarz\/"},"modified":"2025-01-02T02:16:41","modified_gmt":"2025-01-02T01:16:41","slug":"led-rueckleuchten-set-land-rover-range-rover-evoque-ab-2011-schwarz","status":"publish","type":"product","link":"https:\/\/car-2.de\/shop\/produkt\/led-rueckleuchten-set-land-rover-range-rover-evoque-ab-2011-schwarz\/","title":{"rendered":"LED R\u00fcckleuchten Set Land Rover Range Rover Evoque  ab 2011 schwarz"},"content":{"rendered":"<p><span style=\"display: inline-block; width: 0px; overflow: hidden; line-height: 0;\" data-mce-type=\"bookmark\" class=\"mce_SELRES_start\">\ufeff<\/span><\/p>\n","protected":false},"excerpt":{"rendered":"<p>f\u00fcr Land Rover Range Rover EvoqueLED R\u00fcckleuchten f\u00fcr Land Rover Range Rover Evoquef\u00fcr Baujahr: ab 2011Farbe: schwarzmit E Pr\u00fcfzeichen (eintragungsfrei)links + rechts (Set)mit LED Blinkerf\u00fcr Land Rover Range Rover EvoqueLED R\u00fcckleuchten f\u00fcr Land Rover Range Rover Evoquef\u00fcr Baujahr: ab 2011Farbe: schwarzmit E Pr\u00fcfzeichen (eintragungsfrei)links + rechts (Set)mit LED Blinker<\/p>\n","protected":false},"featured_media":54677,"comment_status":"closed","ping_status":"open","template":"","meta":[],"product_brand":[],"product_cat":[633,640],"product_tag":[],"class_list":{"0":"post-54676","1":"product","2":"type-product","3":"status-publish","4":"has-post-thumbnail","6":"product_cat-beleuchtung-tuning","7":"product_cat-rueckleuchten","8":"pa_kfz-hersteller-land-rover","9":"pa_kfz-modell-range-rover-evoque","11":"first","12":"instock","13":"purchasable","14":"product-type-simple"},"_links":{"self":[{"href":"https:\/\/car-2.de\/shop\/wp-json\/wp\/v2\/product\/54676","targetHints":{"allow":["GET"]}}],"collection":[{"href":"https:\/\/car-2.de\/shop\/wp-json\/wp\/v2\/product"}],"about":[{"href":"https:\/\/car-2.de\/shop\/wp-json\/wp\/v2\/types\/product"}],"replies":[{"embeddable":true,"href":"https:\/\/car-2.de\/shop\/wp-json\/wp\/v2\/comments?post=54676"}],"wp:featuredmedia":[{"embeddable":true,"href":"https:\/\/car-2.de\/shop\/wp-json\/wp\/v2\/media\/54677"}],"wp:attachment":[{"href":"https:\/\/car-2.de\/shop\/wp-json\/wp\/v2\/media?parent=54676"}],"wp:term":[{"taxonomy":"product_brand","embeddable":true,"href":"https:\/\/car-2.de\/shop\/wp-json\/wp\/v2\/product_brand?post=54676"},{"taxonomy":"product_cat","embeddable":true,"href":"https:\/\/car-2.de\/shop\/wp-json\/wp\/v2\/product_cat?post=54676"},{"taxonomy":"product_tag","embeddable":true,"href":"https:\/\/car-2.de\/shop\/wp-json\/wp\/v2\/product_tag?post=54676"}],"curies":[{"name":"wp","href":"https:\/\/api.w.org\/{rel}","templated":true}]}}