{"id":54590,"date":"2025-01-10T13:36:37","date_gmt":"2025-01-10T12:36:37","guid":{"rendered":"https:\/\/autotuning-shop.de\/shop\/produkt\/led-rueckleuchten-set-ford-focus-2-5-tuerig-08-10-schwarz\/"},"modified":"2025-01-10T13:36:38","modified_gmt":"2025-01-10T12:36:38","slug":"led-rueckleuchten-set-ford-focus-2-5-tuerig-08-10-schwarz","status":"publish","type":"product","link":"https:\/\/car-2.de\/shop\/produkt\/led-rueckleuchten-set-ford-focus-2-5-tuerig-08-10-schwarz\/","title":{"rendered":"LED R\u00fcckleuchten Set Ford Focus 2 5-t\u00fcrig  08-10 schwarz"},"content":{"rendered":"<p><span style=\"display: inline-block; width: 0px; overflow: hidden; line-height: 0;\" data-mce-type=\"bookmark\" class=\"mce_SELRES_start\">\ufeff<\/span><\/p>\n","protected":false},"excerpt":{"rendered":"<p>f\u00fcr Baujahr: 2008 bis 2010Farbe: schwarzmit E Pr\u00fcfzeichenled R\u00fcckleuchten Ford Focus 2 C307mit LED Blinkerlinks + rechts (Set)Top Qualit\u00e4t im top Designf\u00fcr Baujahr: 2008 bis 2010Farbe: schwarzmit E Pr\u00fcfzeichenled R\u00fcckleuchten Ford Focus 2 C307mit LED Blinkerlinks + rechts (Set)Top Qualit\u00e4t im top Design<\/p>\n","protected":false},"featured_media":54619,"comment_status":"closed","ping_status":"open","template":"","meta":[],"product_brand":[],"product_cat":[633,640],"product_tag":[],"class_list":{"0":"post-54590","1":"product","2":"type-product","3":"status-publish","4":"has-post-thumbnail","6":"product_cat-beleuchtung-tuning","7":"product_cat-rueckleuchten","8":"pa_kfz-hersteller-ford","9":"pa_kfz-modell-focus-2-c307","11":"first","12":"instock","13":"purchasable","14":"product-type-simple"},"_links":{"self":[{"href":"https:\/\/car-2.de\/shop\/wp-json\/wp\/v2\/product\/54590","targetHints":{"allow":["GET"]}}],"collection":[{"href":"https:\/\/car-2.de\/shop\/wp-json\/wp\/v2\/product"}],"about":[{"href":"https:\/\/car-2.de\/shop\/wp-json\/wp\/v2\/types\/product"}],"replies":[{"embeddable":true,"href":"https:\/\/car-2.de\/shop\/wp-json\/wp\/v2\/comments?post=54590"}],"wp:featuredmedia":[{"embeddable":true,"href":"https:\/\/car-2.de\/shop\/wp-json\/wp\/v2\/media\/54619"}],"wp:attachment":[{"href":"https:\/\/car-2.de\/shop\/wp-json\/wp\/v2\/media?parent=54590"}],"wp:term":[{"taxonomy":"product_brand","embeddable":true,"href":"https:\/\/car-2.de\/shop\/wp-json\/wp\/v2\/product_brand?post=54590"},{"taxonomy":"product_cat","embeddable":true,"href":"https:\/\/car-2.de\/shop\/wp-json\/wp\/v2\/product_cat?post=54590"},{"taxonomy":"product_tag","embeddable":true,"href":"https:\/\/car-2.de\/shop\/wp-json\/wp\/v2\/product_tag?post=54590"}],"curies":[{"name":"wp","href":"https:\/\/api.w.org\/{rel}","templated":true}]}}