{"id":54290,"date":"2025-01-02T02:16:22","date_gmt":"2025-01-02T01:16:22","guid":{"rendered":"https:\/\/autotuning-shop.de\/shop\/produkt\/led-rueckleuchten-set-bmw-x5-e53-98-02-chrom\/"},"modified":"2025-01-02T02:16:22","modified_gmt":"2025-01-02T01:16:22","slug":"led-rueckleuchten-set-bmw-x5-e53-98-02-chrom","status":"publish","type":"product","link":"https:\/\/car-2.de\/shop\/produkt\/led-rueckleuchten-set-bmw-x5-e53-98-02-chrom\/","title":{"rendered":"LED R\u00fcckleuchten Set BMW X5 E53  98-02 chrom"},"content":{"rendered":"<p><span style=\"display: inline-block; width: 0px; overflow: hidden; line-height: 0;\" data-mce-type=\"bookmark\" class=\"mce_SELRES_start\">\ufeff<\/span><\/p>\n","protected":false},"excerpt":{"rendered":"<p>f\u00fcr BMW X5 E53f\u00fcr Baujahr: 1998 bis 2002Farbe: chrommit E Pr\u00fcfzeichenled R\u00fcckleuchten BMW X5 E53links + rechts (Set)Top Qualit\u00e4t im top Designf\u00fcr BMW X5 E53f\u00fcr Baujahr: 1998 bis 2002Farbe: chrommit E Pr\u00fcfzeichenled R\u00fcckleuchten BMW X5 E53links + rechts (Set)Top Qualit\u00e4t im top Design<\/p>\n","protected":false},"featured_media":54291,"comment_status":"closed","ping_status":"open","template":"","meta":[],"product_brand":[],"product_cat":[633,640],"product_tag":[],"class_list":{"0":"post-54290","1":"product","2":"type-product","3":"status-publish","4":"has-post-thumbnail","6":"product_cat-beleuchtung-tuning","7":"product_cat-rueckleuchten","8":"pa_kfz-hersteller-bmw","9":"pa_kfz-modell-x5-e53","11":"first","12":"instock","13":"purchasable","14":"product-type-simple"},"_links":{"self":[{"href":"https:\/\/car-2.de\/shop\/wp-json\/wp\/v2\/product\/54290","targetHints":{"allow":["GET"]}}],"collection":[{"href":"https:\/\/car-2.de\/shop\/wp-json\/wp\/v2\/product"}],"about":[{"href":"https:\/\/car-2.de\/shop\/wp-json\/wp\/v2\/types\/product"}],"replies":[{"embeddable":true,"href":"https:\/\/car-2.de\/shop\/wp-json\/wp\/v2\/comments?post=54290"}],"wp:featuredmedia":[{"embeddable":true,"href":"https:\/\/car-2.de\/shop\/wp-json\/wp\/v2\/media\/54291"}],"wp:attachment":[{"href":"https:\/\/car-2.de\/shop\/wp-json\/wp\/v2\/media?parent=54290"}],"wp:term":[{"taxonomy":"product_brand","embeddable":true,"href":"https:\/\/car-2.de\/shop\/wp-json\/wp\/v2\/product_brand?post=54290"},{"taxonomy":"product_cat","embeddable":true,"href":"https:\/\/car-2.de\/shop\/wp-json\/wp\/v2\/product_cat?post=54290"},{"taxonomy":"product_tag","embeddable":true,"href":"https:\/\/car-2.de\/shop\/wp-json\/wp\/v2\/product_tag?post=54290"}],"curies":[{"name":"wp","href":"https:\/\/api.w.org\/{rel}","templated":true}]}}