{"id":54237,"date":"2025-01-10T13:36:22","date_gmt":"2025-01-10T12:36:22","guid":{"rendered":"https:\/\/autotuning-shop.de\/shop\/produkt\/led-rueckleuchten-set-audi-tt-8j-06-14-schwarz\/"},"modified":"2025-01-10T13:36:24","modified_gmt":"2025-01-10T12:36:24","slug":"led-rueckleuchten-set-audi-tt-8j-06-14-schwarz","status":"publish","type":"product","link":"https:\/\/car-2.de\/shop\/produkt\/led-rueckleuchten-set-audi-tt-8j-06-14-schwarz\/","title":{"rendered":"LED R\u00fcckleuchten Set Audi TT 8J  06-14 schwarz"},"content":{"rendered":"<p><span style=\"display: inline-block; width: 0px; overflow: hidden; line-height: 0;\" data-mce-type=\"bookmark\" class=\"mce_SELRES_start\">\ufeff<\/span><\/p>\n","protected":false},"excerpt":{"rendered":"<p>f\u00fcr Audi TT (8J)passend f\u00fcr Audi TT 8Jf\u00fcr Baujahr: 2006 bis 2014Farbe: schwarzmit E Pr\u00fcfzeichen (eintragungsfrei)1 Set besteht aus 2 R\u00fcckleuchtenLED Leuchtmittel enthaltenmit dynamischen Blinkleuchtenbeste Verarbeitungf\u00fcr Audi TT (8J)passend f\u00fcr Audi TT 8Jf\u00fcr Baujahr: 2006 bis 2014Farbe: schwarzmit E Pr\u00fcfzeichen (eintragungsfrei)1 Set besteht aus 2 R\u00fcckleuchtenLED Leuchtmittel enthaltenmit dynamischen Blinkleuchtenbeste Verarbeitung<\/p>\n","protected":false},"featured_media":54245,"comment_status":"closed","ping_status":"open","template":"","meta":[],"product_brand":[],"product_cat":[633,640],"product_tag":[],"class_list":{"0":"post-54237","1":"product","2":"type-product","3":"status-publish","4":"has-post-thumbnail","6":"product_cat-beleuchtung-tuning","7":"product_cat-rueckleuchten","8":"pa_kfz-hersteller-audi","9":"pa_kfz-modell-tt-8j","11":"first","12":"instock","13":"purchasable","14":"product-type-simple"},"_links":{"self":[{"href":"https:\/\/car-2.de\/shop\/wp-json\/wp\/v2\/product\/54237","targetHints":{"allow":["GET"]}}],"collection":[{"href":"https:\/\/car-2.de\/shop\/wp-json\/wp\/v2\/product"}],"about":[{"href":"https:\/\/car-2.de\/shop\/wp-json\/wp\/v2\/types\/product"}],"replies":[{"embeddable":true,"href":"https:\/\/car-2.de\/shop\/wp-json\/wp\/v2\/comments?post=54237"}],"wp:featuredmedia":[{"embeddable":true,"href":"https:\/\/car-2.de\/shop\/wp-json\/wp\/v2\/media\/54245"}],"wp:attachment":[{"href":"https:\/\/car-2.de\/shop\/wp-json\/wp\/v2\/media?parent=54237"}],"wp:term":[{"taxonomy":"product_brand","embeddable":true,"href":"https:\/\/car-2.de\/shop\/wp-json\/wp\/v2\/product_brand?post=54237"},{"taxonomy":"product_cat","embeddable":true,"href":"https:\/\/car-2.de\/shop\/wp-json\/wp\/v2\/product_cat?post=54237"},{"taxonomy":"product_tag","embeddable":true,"href":"https:\/\/car-2.de\/shop\/wp-json\/wp\/v2\/product_tag?post=54237"}],"curies":[{"name":"wp","href":"https:\/\/api.w.org\/{rel}","templated":true}]}}