{"id":52293,"date":"2025-01-02T02:14:07","date_gmt":"2025-01-02T01:14:07","guid":{"rendered":"https:\/\/autotuning-shop.de\/shop\/produkt\/scheinwerfer-set-daylight-led-tfl-optik-seat-ibiza-6j-ab-2012-chrom\/"},"modified":"2025-01-02T02:14:10","modified_gmt":"2025-01-02T01:14:10","slug":"scheinwerfer-set-daylight-led-tfl-optik-seat-ibiza-6j-ab-2012-chrom","status":"publish","type":"product","link":"https:\/\/car-2.de\/shop\/produkt\/scheinwerfer-set-daylight-led-tfl-optik-seat-ibiza-6j-ab-2012-chrom\/","title":{"rendered":"Scheinwerfer Set Daylight LED TFL-Optik Seat Ibiza 6J  ab 2012 chrom"},"content":{"rendered":"<p><span style=\"display: inline-block; width: 0px; overflow: hidden; line-height: 0;\" data-mce-type=\"bookmark\" class=\"mce_SELRES_start\">\ufeff<\/span><\/p>\n","protected":false},"excerpt":{"rendered":"<p>Daylight Scheinwerfer mit LED Standlicht f\u00fcr Seat Ibiza 6Jf\u00fcr Baujahr: ab 2012Farbe: chrommit E Pr\u00fcfzeichen (eintragungsfrei)links + rechts (Set)mit elektrischer Leuchtweitenregulierung, ohne StellmotorDaylight Scheinwerfer mit LED Standlicht f\u00fcr Seat Ibiza 6Jf\u00fcr Baujahr: ab 2012Farbe: chrommit E Pr\u00fcfzeichen (eintragungsfrei)links + rechts (Set)mit elektrischer Leuchtweitenregulierung, ohne Stellmotor<\/p>\n","protected":false},"featured_media":52294,"comment_status":"closed","ping_status":"open","template":"","meta":[],"product_brand":[],"product_cat":[633,634],"product_tag":[],"class_list":{"0":"post-52293","1":"product","2":"type-product","3":"status-publish","4":"has-post-thumbnail","6":"product_cat-beleuchtung-tuning","7":"product_cat-scheinwerfer","8":"pa_kfz-hersteller-seat","9":"pa_kfz-modell-ibiza-4-6j","11":"first","12":"instock","13":"purchasable","14":"product-type-simple"},"_links":{"self":[{"href":"https:\/\/car-2.de\/shop\/wp-json\/wp\/v2\/product\/52293","targetHints":{"allow":["GET"]}}],"collection":[{"href":"https:\/\/car-2.de\/shop\/wp-json\/wp\/v2\/product"}],"about":[{"href":"https:\/\/car-2.de\/shop\/wp-json\/wp\/v2\/types\/product"}],"replies":[{"embeddable":true,"href":"https:\/\/car-2.de\/shop\/wp-json\/wp\/v2\/comments?post=52293"}],"wp:featuredmedia":[{"embeddable":true,"href":"https:\/\/car-2.de\/shop\/wp-json\/wp\/v2\/media\/52294"}],"wp:attachment":[{"href":"https:\/\/car-2.de\/shop\/wp-json\/wp\/v2\/media?parent=52293"}],"wp:term":[{"taxonomy":"product_brand","embeddable":true,"href":"https:\/\/car-2.de\/shop\/wp-json\/wp\/v2\/product_brand?post=52293"},{"taxonomy":"product_cat","embeddable":true,"href":"https:\/\/car-2.de\/shop\/wp-json\/wp\/v2\/product_cat?post=52293"},{"taxonomy":"product_tag","embeddable":true,"href":"https:\/\/car-2.de\/shop\/wp-json\/wp\/v2\/product_tag?post=52293"}],"curies":[{"name":"wp","href":"https:\/\/api.w.org\/{rel}","templated":true}]}}