{"id":52162,"date":"2025-01-02T02:13:59","date_gmt":"2025-01-02T01:13:59","guid":{"rendered":"https:\/\/autotuning-shop.de\/shop\/produkt\/scheinwerfer-set-daylight-led-tfl-optik-porsche-911-typ-997-04-08-schwarz\/"},"modified":"2025-01-02T02:14:02","modified_gmt":"2025-01-02T01:14:02","slug":"scheinwerfer-set-daylight-led-tfl-optik-porsche-911-typ-997-04-08-schwarz","status":"publish","type":"product","link":"https:\/\/car-2.de\/shop\/produkt\/scheinwerfer-set-daylight-led-tfl-optik-porsche-911-typ-997-04-08-schwarz\/","title":{"rendered":"Scheinwerfer Set Daylight LED TFL-Optik Porsche 911 Typ 997  04-08 schwarz"},"content":{"rendered":"<p><span style=\"display: inline-block; width: 0px; overflow: hidden; line-height: 0;\" data-mce-type=\"bookmark\" class=\"mce_SELRES_start\">\ufeff<\/span><\/p>\n","protected":false},"excerpt":{"rendered":"<p>Daylight Scheinwerfer mit LED Standlicht f\u00fcr Porsche 911 Typ 997f\u00fcr Baujahr: 2004 bis 2008Farbe: schwarzmit E Pr\u00fcfzeichen (eintragungsfrei)links + rechts (Set)mit elektrischer Leuchtweitenregulierung, ohne StellmotorDaylight Scheinwerfer mit LED Standlicht f\u00fcr Porsche 911 Typ 997f\u00fcr Baujahr: 2004 bis 2008Farbe: schwarzmit E Pr\u00fcfzeichen (eintragungsfrei)links + rechts (Set)mit elektrischer Leuchtweitenregulierung, ohne Stellmotor<\/p>\n","protected":false},"featured_media":52163,"comment_status":"closed","ping_status":"open","template":"","meta":[],"product_brand":[],"product_cat":[633,634],"product_tag":[],"class_list":{"0":"post-52162","1":"product","2":"type-product","3":"status-publish","4":"has-post-thumbnail","6":"product_cat-beleuchtung-tuning","7":"product_cat-scheinwerfer","8":"pa_kfz-hersteller-porsche","9":"pa_kfz-modell-911-997","11":"first","12":"instock","13":"purchasable","14":"product-type-simple"},"_links":{"self":[{"href":"https:\/\/car-2.de\/shop\/wp-json\/wp\/v2\/product\/52162","targetHints":{"allow":["GET"]}}],"collection":[{"href":"https:\/\/car-2.de\/shop\/wp-json\/wp\/v2\/product"}],"about":[{"href":"https:\/\/car-2.de\/shop\/wp-json\/wp\/v2\/types\/product"}],"replies":[{"embeddable":true,"href":"https:\/\/car-2.de\/shop\/wp-json\/wp\/v2\/comments?post=52162"}],"wp:featuredmedia":[{"embeddable":true,"href":"https:\/\/car-2.de\/shop\/wp-json\/wp\/v2\/media\/52163"}],"wp:attachment":[{"href":"https:\/\/car-2.de\/shop\/wp-json\/wp\/v2\/media?parent=52162"}],"wp:term":[{"taxonomy":"product_brand","embeddable":true,"href":"https:\/\/car-2.de\/shop\/wp-json\/wp\/v2\/product_brand?post=52162"},{"taxonomy":"product_cat","embeddable":true,"href":"https:\/\/car-2.de\/shop\/wp-json\/wp\/v2\/product_cat?post=52162"},{"taxonomy":"product_tag","embeddable":true,"href":"https:\/\/car-2.de\/shop\/wp-json\/wp\/v2\/product_tag?post=52162"}],"curies":[{"name":"wp","href":"https:\/\/api.w.org\/{rel}","templated":true}]}}