{"id":52102,"date":"2025-01-02T02:13:59","date_gmt":"2025-01-02T01:13:59","guid":{"rendered":"https:\/\/autotuning-shop.de\/shop\/produkt\/scheinwerfer-set-opel-astra-j-5-tuerig-2009-2012-chrom\/"},"modified":"2025-01-02T02:14:00","modified_gmt":"2025-01-02T01:14:00","slug":"scheinwerfer-set-opel-astra-j-5-tuerig-2009-2012-chrom","status":"publish","type":"product","link":"https:\/\/car-2.de\/shop\/produkt\/scheinwerfer-set-opel-astra-j-5-tuerig-2009-2012-chrom\/","title":{"rendered":"Scheinwerfer Set Opel Astra J 5-t\u00fcrig  2009-2012 chrom"},"content":{"rendered":"<p><span style=\"display: inline-block; width: 0px; overflow: hidden; line-height: 0;\" data-mce-type=\"bookmark\" class=\"mce_SELRES_start\">\ufeff<\/span><\/p>\n","protected":false},"excerpt":{"rendered":"<p>f\u00fcr Opel Astra Jf\u00fcr Baujahr: 2009 bis 2012Farbe: chrommit E Pr\u00fcfzeichen (eintragungsfrei)links + rechts (Set)Daylight Scheinwerfer mit LED Standlicht ohne elektrische Leuchtweitenregulierungf\u00fcr Opel Astra Jf\u00fcr Baujahr: 2009 bis 2012Farbe: chrommit E Pr\u00fcfzeichen (eintragungsfrei)links + rechts (Set)Daylight Scheinwerfer mit LED Standlicht ohne elektrische Leuchtweitenregulierung<\/p>\n","protected":false},"featured_media":52103,"comment_status":"closed","ping_status":"open","template":"","meta":[],"product_brand":[],"product_cat":[633,634],"product_tag":[],"class_list":{"0":"post-52102","1":"product","2":"type-product","3":"status-publish","4":"has-post-thumbnail","6":"product_cat-beleuchtung-tuning","7":"product_cat-scheinwerfer","8":"pa_kfz-hersteller-opel","9":"pa_kfz-modell-astra-j","11":"first","12":"instock","13":"purchasable","14":"product-type-simple"},"_links":{"self":[{"href":"https:\/\/car-2.de\/shop\/wp-json\/wp\/v2\/product\/52102","targetHints":{"allow":["GET"]}}],"collection":[{"href":"https:\/\/car-2.de\/shop\/wp-json\/wp\/v2\/product"}],"about":[{"href":"https:\/\/car-2.de\/shop\/wp-json\/wp\/v2\/types\/product"}],"replies":[{"embeddable":true,"href":"https:\/\/car-2.de\/shop\/wp-json\/wp\/v2\/comments?post=52102"}],"wp:featuredmedia":[{"embeddable":true,"href":"https:\/\/car-2.de\/shop\/wp-json\/wp\/v2\/media\/52103"}],"wp:attachment":[{"href":"https:\/\/car-2.de\/shop\/wp-json\/wp\/v2\/media?parent=52102"}],"wp:term":[{"taxonomy":"product_brand","embeddable":true,"href":"https:\/\/car-2.de\/shop\/wp-json\/wp\/v2\/product_brand?post=52102"},{"taxonomy":"product_cat","embeddable":true,"href":"https:\/\/car-2.de\/shop\/wp-json\/wp\/v2\/product_cat?post=52102"},{"taxonomy":"product_tag","embeddable":true,"href":"https:\/\/car-2.de\/shop\/wp-json\/wp\/v2\/product_tag?post=52102"}],"curies":[{"name":"wp","href":"https:\/\/api.w.org\/{rel}","templated":true}]}}