{"id":51853,"date":"2025-01-02T02:13:43","date_gmt":"2025-01-02T01:13:43","guid":{"rendered":"https:\/\/autotuning-shop.de\/shop\/produkt\/scheinwerfer-im-xenon-look-fiat-500-typ-312-ab-2010-chrom\/"},"modified":"2025-01-02T02:13:45","modified_gmt":"2025-01-02T01:13:45","slug":"scheinwerfer-im-xenon-look-fiat-500-typ-312-ab-2010-chrom","status":"publish","type":"product","link":"https:\/\/car-2.de\/shop\/produkt\/scheinwerfer-im-xenon-look-fiat-500-typ-312-ab-2010-chrom\/","title":{"rendered":"Scheinwerfer im Xenon-Look Fiat 500 (Typ 312)  ab 2010 chrom"},"content":{"rendered":"<p><span style=\"display: inline-block; width: 0px; overflow: hidden; line-height: 0;\" data-mce-type=\"bookmark\" class=\"mce_SELRES_start\">\ufeff<\/span><\/p>\n","protected":false},"excerpt":{"rendered":"<p>f\u00fcr Fiat 500 (312)f\u00fcr Baujahr: ab 2010mit E Pr\u00fcfzeichen (eintragungsfrei)mit elektr. Leuchtweitenregulierung inkl. StellmotorLeuchtmittel: H7\/PY24Wlinks + rechts (Set)Design Halogen ScheinwerferFarbe: chromf\u00fcr Fiat 500 (312)f\u00fcr Baujahr: ab 2010mit E Pr\u00fcfzeichen (eintragungsfrei)mit elektr. Leuchtweitenregulierung inkl. StellmotorLeuchtmittel: H7\/PY24Wlinks + rechts (Set)Design Halogen ScheinwerferFarbe: chrom<\/p>\n","protected":false},"featured_media":51854,"comment_status":"closed","ping_status":"open","template":"","meta":[],"product_brand":[],"product_cat":[633,634],"product_tag":[],"class_list":{"0":"post-51853","1":"product","2":"type-product","3":"status-publish","4":"has-post-thumbnail","6":"product_cat-beleuchtung-tuning","7":"product_cat-scheinwerfer","8":"pa_kfz-hersteller-fiat","9":"pa_kfz-modell-500-312","11":"first","12":"instock","13":"purchasable","14":"product-type-simple"},"_links":{"self":[{"href":"https:\/\/car-2.de\/shop\/wp-json\/wp\/v2\/product\/51853","targetHints":{"allow":["GET"]}}],"collection":[{"href":"https:\/\/car-2.de\/shop\/wp-json\/wp\/v2\/product"}],"about":[{"href":"https:\/\/car-2.de\/shop\/wp-json\/wp\/v2\/types\/product"}],"replies":[{"embeddable":true,"href":"https:\/\/car-2.de\/shop\/wp-json\/wp\/v2\/comments?post=51853"}],"wp:featuredmedia":[{"embeddable":true,"href":"https:\/\/car-2.de\/shop\/wp-json\/wp\/v2\/media\/51854"}],"wp:attachment":[{"href":"https:\/\/car-2.de\/shop\/wp-json\/wp\/v2\/media?parent=51853"}],"wp:term":[{"taxonomy":"product_brand","embeddable":true,"href":"https:\/\/car-2.de\/shop\/wp-json\/wp\/v2\/product_brand?post=51853"},{"taxonomy":"product_cat","embeddable":true,"href":"https:\/\/car-2.de\/shop\/wp-json\/wp\/v2\/product_cat?post=51853"},{"taxonomy":"product_tag","embeddable":true,"href":"https:\/\/car-2.de\/shop\/wp-json\/wp\/v2\/product_tag?post=51853"}],"curies":[{"name":"wp","href":"https:\/\/api.w.org\/{rel}","templated":true}]}}