{"id":51728,"date":"2025-01-02T02:13:35","date_gmt":"2025-01-02T01:13:35","guid":{"rendered":"https:\/\/autotuning-shop.de\/shop\/produkt\/scheinwerfer-set-daylight-led-tfl-optik-mercedes-c-klasse-w204-07-10-schwarz\/"},"modified":"2025-01-02T02:13:38","modified_gmt":"2025-01-02T01:13:38","slug":"scheinwerfer-set-daylight-led-tfl-optik-mercedes-c-klasse-w204-07-10-schwarz","status":"publish","type":"product","link":"https:\/\/car-2.de\/shop\/produkt\/scheinwerfer-set-daylight-led-tfl-optik-mercedes-c-klasse-w204-07-10-schwarz\/","title":{"rendered":"Scheinwerfer Set Daylight LED TFL-Optik Mercedes C-Klasse W204  07-10 schwarz"},"content":{"rendered":"<p><span style=\"display: inline-block; width: 0px; overflow: hidden; line-height: 0;\" data-mce-type=\"bookmark\" class=\"mce_SELRES_start\">\ufeff<\/span><\/p>\n","protected":false},"excerpt":{"rendered":"<p>f\u00fcr Mercedes-Benz C-Klasse (204)f\u00fcr Baujahr 2007 bis 2010Farbe: schwarzmit E Pr\u00fcfzeichen, OHNE elektr. Leuchtweitenregulierung, Einbaum\u00f6glichkeit mit Fahrzeughersteller\/Zulassungsstelle vor Einbau kl\u00e4renlinks + rechts (Set)Daylight Scheinwerfer mit LED Standlichtf\u00fcr Mercedes-Benz C-Klasse (204)f\u00fcr Baujahr 2007 bis 2010Farbe: schwarzmit E Pr\u00fcfzeichen, OHNE elektr. Leuchtweitenregulierung, Einbaum\u00f6glichkeit mit Fahrzeughersteller\/Zulassungsstelle vor Einbau kl\u00e4renlinks + rechts (Set)Daylight Scheinwerfer mit LED Standlicht<\/p>\n","protected":false},"featured_media":51729,"comment_status":"closed","ping_status":"open","template":"","meta":[],"product_brand":[],"product_cat":[633,634],"product_tag":[],"class_list":{"0":"post-51728","1":"product","2":"type-product","3":"status-publish","4":"has-post-thumbnail","6":"product_cat-beleuchtung-tuning","7":"product_cat-scheinwerfer","8":"pa_kfz-hersteller-mercedes-benz","9":"pa_kfz-modell-c-klasse-204","11":"first","12":"instock","13":"purchasable","14":"product-type-simple"},"_links":{"self":[{"href":"https:\/\/car-2.de\/shop\/wp-json\/wp\/v2\/product\/51728","targetHints":{"allow":["GET"]}}],"collection":[{"href":"https:\/\/car-2.de\/shop\/wp-json\/wp\/v2\/product"}],"about":[{"href":"https:\/\/car-2.de\/shop\/wp-json\/wp\/v2\/types\/product"}],"replies":[{"embeddable":true,"href":"https:\/\/car-2.de\/shop\/wp-json\/wp\/v2\/comments?post=51728"}],"wp:featuredmedia":[{"embeddable":true,"href":"https:\/\/car-2.de\/shop\/wp-json\/wp\/v2\/media\/51729"}],"wp:attachment":[{"href":"https:\/\/car-2.de\/shop\/wp-json\/wp\/v2\/media?parent=51728"}],"wp:term":[{"taxonomy":"product_brand","embeddable":true,"href":"https:\/\/car-2.de\/shop\/wp-json\/wp\/v2\/product_brand?post=51728"},{"taxonomy":"product_cat","embeddable":true,"href":"https:\/\/car-2.de\/shop\/wp-json\/wp\/v2\/product_cat?post=51728"},{"taxonomy":"product_tag","embeddable":true,"href":"https:\/\/car-2.de\/shop\/wp-json\/wp\/v2\/product_tag?post=51728"}],"curies":[{"name":"wp","href":"https:\/\/api.w.org\/{rel}","templated":true}]}}