{"id":51666,"date":"2025-01-10T13:34:19","date_gmt":"2025-01-10T12:34:19","guid":{"rendered":"https:\/\/autotuning-shop.de\/shop\/produkt\/scheinwerfer-set-daylight-led-tfl-optik-mercedes-c-klasse-typ-w204-07-10-chrom\/"},"modified":"2025-01-10T13:34:21","modified_gmt":"2025-01-10T12:34:21","slug":"scheinwerfer-set-daylight-led-tfl-optik-mercedes-c-klasse-typ-w204-07-10-chrom","status":"publish","type":"product","link":"https:\/\/car-2.de\/shop\/produkt\/scheinwerfer-set-daylight-led-tfl-optik-mercedes-c-klasse-typ-w204-07-10-chrom\/","title":{"rendered":"Scheinwerfer Set Daylight LED TFL-Optik Mercedes C-Klasse Typ W204  07-10 chrom"},"content":{"rendered":"<p><span style=\"display: inline-block; width: 0px; overflow: hidden; line-height: 0;\" data-mce-type=\"bookmark\" class=\"mce_SELRES_start\">\ufeff<\/span><\/p>\n","protected":false},"excerpt":{"rendered":"<p>f\u00fcr Mercedes-Benz C-Klasse (204)f\u00fcr Baujahr: 2007 bis 2010Farbe: chrommit E Pr\u00fcfzeichenmit elektr. Leuchtweitenregulierung inkl. StellmotorDaylight Scheinwerfer mit LED Standlichtlinks + rechts (Set)f\u00fcr Mercedes-Benz C-Klasse (204)f\u00fcr Baujahr: 2007 bis 2010Farbe: chrommit E Pr\u00fcfzeichenmit elektr. Leuchtweitenregulierung inkl. StellmotorDaylight Scheinwerfer mit LED Standlichtlinks + rechts (Set)<\/p>\n","protected":false},"featured_media":51667,"comment_status":"closed","ping_status":"open","template":"","meta":[],"product_brand":[],"product_cat":[633,634],"product_tag":[],"class_list":{"0":"post-51666","1":"product","2":"type-product","3":"status-publish","4":"has-post-thumbnail","6":"product_cat-beleuchtung-tuning","7":"product_cat-scheinwerfer","8":"pa_kfz-hersteller-mercedes-benz","9":"pa_kfz-modell-c-klasse-204","11":"first","12":"instock","13":"purchasable","14":"product-type-simple"},"_links":{"self":[{"href":"https:\/\/car-2.de\/shop\/wp-json\/wp\/v2\/product\/51666","targetHints":{"allow":["GET"]}}],"collection":[{"href":"https:\/\/car-2.de\/shop\/wp-json\/wp\/v2\/product"}],"about":[{"href":"https:\/\/car-2.de\/shop\/wp-json\/wp\/v2\/types\/product"}],"replies":[{"embeddable":true,"href":"https:\/\/car-2.de\/shop\/wp-json\/wp\/v2\/comments?post=51666"}],"wp:featuredmedia":[{"embeddable":true,"href":"https:\/\/car-2.de\/shop\/wp-json\/wp\/v2\/media\/51667"}],"wp:attachment":[{"href":"https:\/\/car-2.de\/shop\/wp-json\/wp\/v2\/media?parent=51666"}],"wp:term":[{"taxonomy":"product_brand","embeddable":true,"href":"https:\/\/car-2.de\/shop\/wp-json\/wp\/v2\/product_brand?post=51666"},{"taxonomy":"product_cat","embeddable":true,"href":"https:\/\/car-2.de\/shop\/wp-json\/wp\/v2\/product_cat?post=51666"},{"taxonomy":"product_tag","embeddable":true,"href":"https:\/\/car-2.de\/shop\/wp-json\/wp\/v2\/product_tag?post=51666"}],"curies":[{"name":"wp","href":"https:\/\/api.w.org\/{rel}","templated":true}]}}