{"id":51342,"date":"2025-01-02T02:13:20","date_gmt":"2025-01-02T01:13:20","guid":{"rendered":"https:\/\/autotuning-shop.de\/shop\/produkt\/scheinwerfer-set-bmw-3er-e46-coupe-cabrio-98-02-schwarz\/"},"modified":"2025-01-02T02:13:20","modified_gmt":"2025-01-02T01:13:20","slug":"scheinwerfer-set-bmw-3er-e46-coupe-cabrio-98-02-schwarz","status":"publish","type":"product","link":"https:\/\/car-2.de\/shop\/produkt\/scheinwerfer-set-bmw-3er-e46-coupe-cabrio-98-02-schwarz\/","title":{"rendered":"Scheinwerfer Set BMW 3er E46 Coupe\/Cabrio  98-02 schwarz"},"content":{"rendered":"<p><span style=\"display: inline-block; width: 0px; overflow: hidden; line-height: 0;\" data-mce-type=\"bookmark\" class=\"mce_SELRES_start\">\ufeff<\/span><\/p>\n","protected":false},"excerpt":{"rendered":"<p>f\u00fcr BMW 3er E46f\u00fcr Baujahr: 1998 bis 2002Farbe: schwarzmit E Pr\u00fcfzeichen (eintragungsfrei)mit elektr. Leuchweitenregulierung inkl. Stellmotormit BlinkerAngel Eyes ScheinwerferLeuchtmitteL: 2x H1\/ 55W\/12VTop Qualit\u00e4t und Designf\u00fcr BMW 3er E46f\u00fcr Baujahr: 1998 bis 2002Farbe: schwarzmit E Pr\u00fcfzeichen (eintragungsfrei)mit elektr. Leuchweitenregulierung inkl. Stellmotormit BlinkerAngel Eyes ScheinwerferLeuchtmitteL: 2x H1\/ 55W\/12VTop Qualit\u00e4t und Design<\/p>\n","protected":false},"featured_media":51343,"comment_status":"closed","ping_status":"open","template":"","meta":[],"product_brand":[],"product_cat":[633,634],"product_tag":[],"class_list":{"0":"post-51342","1":"product","2":"type-product","3":"status-publish","4":"has-post-thumbnail","6":"product_cat-beleuchtung-tuning","7":"product_cat-scheinwerfer","8":"pa_kfz-hersteller-bmw","9":"pa_kfz-modell-3er-e46","11":"first","12":"instock","13":"purchasable","14":"product-type-simple"},"_links":{"self":[{"href":"https:\/\/car-2.de\/shop\/wp-json\/wp\/v2\/product\/51342","targetHints":{"allow":["GET"]}}],"collection":[{"href":"https:\/\/car-2.de\/shop\/wp-json\/wp\/v2\/product"}],"about":[{"href":"https:\/\/car-2.de\/shop\/wp-json\/wp\/v2\/types\/product"}],"replies":[{"embeddable":true,"href":"https:\/\/car-2.de\/shop\/wp-json\/wp\/v2\/comments?post=51342"}],"wp:featuredmedia":[{"embeddable":true,"href":"https:\/\/car-2.de\/shop\/wp-json\/wp\/v2\/media\/51343"}],"wp:attachment":[{"href":"https:\/\/car-2.de\/shop\/wp-json\/wp\/v2\/media?parent=51342"}],"wp:term":[{"taxonomy":"product_brand","embeddable":true,"href":"https:\/\/car-2.de\/shop\/wp-json\/wp\/v2\/product_brand?post=51342"},{"taxonomy":"product_cat","embeddable":true,"href":"https:\/\/car-2.de\/shop\/wp-json\/wp\/v2\/product_cat?post=51342"},{"taxonomy":"product_tag","embeddable":true,"href":"https:\/\/car-2.de\/shop\/wp-json\/wp\/v2\/product_tag?post=51342"}],"curies":[{"name":"wp","href":"https:\/\/api.w.org\/{rel}","templated":true}]}}