{"id":51097,"date":"2025-01-02T02:13:04","date_gmt":"2025-01-02T01:13:04","guid":{"rendered":"https:\/\/autotuning-shop.de\/shop\/produkt\/scheinwerfer-set-daylight-led-tfl-optik-audi-a4-typ-8e-01-04-chrom-fuer-rechtslenker\/"},"modified":"2025-01-02T02:13:06","modified_gmt":"2025-01-02T01:13:06","slug":"scheinwerfer-set-daylight-led-tfl-optik-audi-a4-typ-8e-01-04-chrom-fuer-rechtslenker","status":"publish","type":"product","link":"https:\/\/car-2.de\/shop\/produkt\/scheinwerfer-set-daylight-led-tfl-optik-audi-a4-typ-8e-01-04-chrom-fuer-rechtslenker\/","title":{"rendered":"Scheinwerfer Set Daylight LED TFL-Optik Audi A4 Typ 8E  01-04 chrom f\u00fcr Rechtslenker"},"content":{"rendered":"<p><span style=\"display: inline-block; width: 0px; overflow: hidden; line-height: 0;\" data-mce-type=\"bookmark\" class=\"mce_SELRES_start\">\ufeff<\/span><\/p>\n","protected":false},"excerpt":{"rendered":"<p>f\u00fcr Audi A4 (B6\/8E)f\u00fcr Baujahr: 2001 bis 2004mit E Pr\u00fcfzeichen (eintragungsfrei)mit elektr. Leuchtweitenregulierung ohne StellmotorFarbe: chromf\u00fcr RechtslenkerDaylight Scheinwerfer mit LED Standlicht1 Set bestehend aus 2 Leuchtenbeste Verarbeitungf\u00fcr Audi A4 (B6\/8E)f\u00fcr Baujahr: 2001 bis 2004mit E Pr\u00fcfzeichen (eintragungsfrei)mit elektr. Leuchtweitenregulierung ohne StellmotorFarbe: chromf\u00fcr RechtslenkerDaylight Scheinwerfer mit LED Standlicht1 Set bestehend aus 2 Leuchtenbeste Verarbeitung<\/p>\n","protected":false},"featured_media":51098,"comment_status":"closed","ping_status":"open","template":"","meta":[],"product_brand":[],"product_cat":[633,634],"product_tag":[],"class_list":{"0":"post-51097","1":"product","2":"type-product","3":"status-publish","4":"has-post-thumbnail","6":"product_cat-beleuchtung-tuning","7":"product_cat-scheinwerfer","8":"pa_kfz-hersteller-audi","9":"pa_kfz-modell-a4-b6-8e","11":"first","12":"instock","13":"purchasable","14":"product-type-simple"},"_links":{"self":[{"href":"https:\/\/car-2.de\/shop\/wp-json\/wp\/v2\/product\/51097","targetHints":{"allow":["GET"]}}],"collection":[{"href":"https:\/\/car-2.de\/shop\/wp-json\/wp\/v2\/product"}],"about":[{"href":"https:\/\/car-2.de\/shop\/wp-json\/wp\/v2\/types\/product"}],"replies":[{"embeddable":true,"href":"https:\/\/car-2.de\/shop\/wp-json\/wp\/v2\/comments?post=51097"}],"wp:featuredmedia":[{"embeddable":true,"href":"https:\/\/car-2.de\/shop\/wp-json\/wp\/v2\/media\/51098"}],"wp:attachment":[{"href":"https:\/\/car-2.de\/shop\/wp-json\/wp\/v2\/media?parent=51097"}],"wp:term":[{"taxonomy":"product_brand","embeddable":true,"href":"https:\/\/car-2.de\/shop\/wp-json\/wp\/v2\/product_brand?post=51097"},{"taxonomy":"product_cat","embeddable":true,"href":"https:\/\/car-2.de\/shop\/wp-json\/wp\/v2\/product_cat?post=51097"},{"taxonomy":"product_tag","embeddable":true,"href":"https:\/\/car-2.de\/shop\/wp-json\/wp\/v2\/product_tag?post=51097"}],"curies":[{"name":"wp","href":"https:\/\/api.w.org\/{rel}","templated":true}]}}