{"id":50636,"date":"2025-01-02T02:06:20","date_gmt":"2025-01-02T01:06:20","guid":{"rendered":"https:\/\/autotuning-shop.de\/shop\/produkt\/spurverbreiterung-distanzscheibe-offroad-breite-15-mm-pro-rad-porsche-cayenne-911\/"},"modified":"2025-01-02T02:06:21","modified_gmt":"2025-01-02T01:06:21","slug":"spurverbreiterung-distanzscheibe-offroad-breite-15-mm-pro-rad-porsche-cayenne-911","status":"publish","type":"product","link":"https:\/\/car-2.de\/shop\/produkt\/spurverbreiterung-distanzscheibe-offroad-breite-15-mm-pro-rad-porsche-cayenne-911\/","title":{"rendered":"Spurverbreiterung Distanzscheibe Offroad Breite 15 mm pro Rad Porsche Cayenne 911"},"content":{"rendered":"<p>FK Automotive bietet ihnen Spurverbreitungen Made in Germany aus eigener Fertigung. Die Spurverbreitungen zeichnen sich aus durch ihre top Qualit\u00e4t zu super g\u00fcnstigen Preisen. Wir fertigen die Distanzscheiben auf modernen CNC Maschinen aus hochwertigem Aluminium. Wir bieten eine riesige Auswahl an verschiedenen Gr\u00f6\u00dfen und Ausf\u00fchrungen f\u00fcr verschiedene Modelle wie zum Beispiel Alfa Romeo, Audi, BMW, Ferrari, Fiat, Honda, Jaguar, Lotus, Maserati, Mercedes Benz, Opel, VW und viele mehr. Die Spurverbreiterungen sind ein Muss f\u00fcr jeden Tuningfan und ein optimaler Einstieg in den Tuningbereich. Unsere Systeme zur Spurverbreiterung sind in Version A und B verf\u00fcgbar. Die Spurverbreiterungen sorgen f\u00fcr einen breiteren Radstand was zu einer Verbesserung der Fahrdynamik und des Designs f\u00fchrt. Ihr Fahrzeug neigt sich weniger in den Kurven und es sind h\u00f6here Kurvengeschwindigkeiten m\u00f6glich. Bei System A werden die Distanzscheiben mit verl\u00e4ngerten Radschrauben zwischen Felge und Radnabe festgeschraubt. Bei System B werden die Distanzscheiben direkt mit der Radnabe verschraubt und die Felge mit 5 separaten Schrauben an der Distanzscheibe. Die Montage der Spurverbreiterung ist unkompliziert und in wenigen Minuten durchf\u00fchrbar. Achten sie beim Kauf von System A darauf dass die speziellen, verl\u00e4ngerten Radschrauben nicht im Lieferumfang enthalten sind. Die Angabe der Spurverbreiterung bezieht sich immer auf die Verbreiterung pro Achse. F\u00fcr den Gro\u00dfteil unsere Distanzscheiben erhalten sie eine allgemeine Betriebserlaubnis das erm\u00f6glicht ihnen eine schnelle und unkomplizierte Eintragung beim T\u00dcV. Mit FK Distanzscheiben haben sie die M\u00f6glichkeit mit wenig Aufwand ein Maximales Ergebnis zu erzielen. Informieren sie sich jetzt in unserem Online Shop wir haben sicher auch f\u00fcr ihr Fahrzeug FK Distanzscheiben im Angebot.<span style=\"display: inline-block; width: 0px; overflow: hidden; line-height: 0;\" data-mce-type=\"bookmark\" class=\"mce_SELRES_start\">\ufeff<\/span><\/p>\n","protected":false},"excerpt":{"rendered":"<p>Farbe: schwarz eloxiertBreite\/Achse 30 mmSpurverbreiterung System B m. Zentr. Lochkreis 5\/130Nabenlochbohrung 71,6 M14x1,5beste Qualit\u00e4tFarbe: schwarz eloxiertBreite\/Achse 30 mmSpurverbreiterung System B m. Zentr. Lochkreis 5\/130Nabenlochbohrung 71,6 M14x1,5beste Qualit\u00e4t<\/p>\n","protected":false},"featured_media":50637,"comment_status":"closed","ping_status":"open","template":"","meta":[],"product_brand":[],"product_cat":[2030,2029],"product_tag":[],"class_list":{"0":"post-50636","1":"product","2":"type-product","3":"status-publish","4":"has-post-thumbnail","6":"product_cat-spurverbreiterungen-tuning-zubehoer","7":"product_cat-tuning-zubehoer","8":"pa_kfz-hersteller-porsche","9":"pa_kfz-modell-cayenne-955","10":"pa_kfz-modell-cayenne-9pa","12":"first","13":"instock","14":"purchasable","15":"product-type-simple"},"_links":{"self":[{"href":"https:\/\/car-2.de\/shop\/wp-json\/wp\/v2\/product\/50636","targetHints":{"allow":["GET"]}}],"collection":[{"href":"https:\/\/car-2.de\/shop\/wp-json\/wp\/v2\/product"}],"about":[{"href":"https:\/\/car-2.de\/shop\/wp-json\/wp\/v2\/types\/product"}],"replies":[{"embeddable":true,"href":"https:\/\/car-2.de\/shop\/wp-json\/wp\/v2\/comments?post=50636"}],"wp:featuredmedia":[{"embeddable":true,"href":"https:\/\/car-2.de\/shop\/wp-json\/wp\/v2\/media\/50637"}],"wp:attachment":[{"href":"https:\/\/car-2.de\/shop\/wp-json\/wp\/v2\/media?parent=50636"}],"wp:term":[{"taxonomy":"product_brand","embeddable":true,"href":"https:\/\/car-2.de\/shop\/wp-json\/wp\/v2\/product_brand?post=50636"},{"taxonomy":"product_cat","embeddable":true,"href":"https:\/\/car-2.de\/shop\/wp-json\/wp\/v2\/product_cat?post=50636"},{"taxonomy":"product_tag","embeddable":true,"href":"https:\/\/car-2.de\/shop\/wp-json\/wp\/v2\/product_tag?post=50636"}],"curies":[{"name":"wp","href":"https:\/\/api.w.org\/{rel}","templated":true}]}}