{"id":50285,"date":"2025-01-02T02:05:36","date_gmt":"2025-01-02T01:05:36","guid":{"rendered":"https:\/\/autotuning-shop.de\/shop\/produkt\/innenraumleuchten-led-set-2-stueck-mit-je-3-leds-weiss\/"},"modified":"2025-01-02T02:05:41","modified_gmt":"2025-01-02T01:05:41","slug":"innenraumleuchten-led-set-2-stueck-mit-je-3-leds-weiss","status":"publish","type":"product","link":"https:\/\/car-2.de\/shop\/produkt\/innenraumleuchten-led-set-2-stueck-mit-je-3-leds-weiss\/","title":{"rendered":"Innenraumleuchten LED Set (2 St\u00fcck) mit je 3 LEDs, wei\u00df"},"content":{"rendered":"<p>F\u00fcr die Sicherheit im Stra\u00dfenverkehr ist die ausreichende und funktionsf\u00e4hige Beleuchtung Ihres Fahrzeugs von gro\u00dfer Bedeutung. Die Sicherheit spielt bei der Beleuchtung daher grunds\u00e4tzlich die zentrale Rolle. Allerdings darf der optische Aspekt der Fahrzeugbeleuchtung f\u00fcr viele Kunden ebenso nicht zu kurz kommen. In unserem Online Shop bieten wir daher die gesamte Bandbreite an Artikeln zum optischen Leuchtentuning an. Wir f\u00fchren Produkte zum Scheinwerfer Tuning, zum R\u00fcckleuchten Tuning, zum Blinker Tuning und zum Tagfahrlicht Tuning in unserem Sortiment. Au\u00dferdem bieten wir f\u00fcr den Fall, dass das Leuchtmittel nicht bereits in dem entsprechenden Artikel integriert die passenden Leuchtmittel an. Wenn Sie Ihre jetzigen Scheinwerfer mit einer anderen Leuchttechnik aufr\u00fcsten m\u00f6chten oder die Birnen an Ihrem Fahrzeug defekt sind, so bieten wir f\u00fcr diesen Fall zahlreiche Nachr\u00fcstkits und Ersatzbirnen f\u00fcr die verschiedenen Beleuchtungsarten des Fahrzeugs an. Im Bereich der LED Technik bieten wir LED Birnen f\u00fcr Scheinwerfer, Bremslichter, Blinker und die Innenraumbeleuchtung an. Die Vorteile der LED Technik sind vielf\u00e4ltig, dazu z\u00e4hlt unter anderem eine deutlich h\u00f6here Lebensdauer, ein geringerer Stromverbrauch, sie erzeugen weniger W\u00e4rme und sind unempfindlicher gegen\u00fcber Ersch\u00fctterungen. Im Bereich der LED Birnen f\u00fcr Bremslichter und Blinker ist die Eigenschaft, dass LED Birnen schnelle ansprechen als herk\u00f6mmliche Birnen von besonderer Bedeutung. Unsere LED Birnen werden entweder einzeln oder im Set geliefert. Die meisten unserer LED Birnen sind zudem universell verwendbar. Falls Sie sich f\u00fcr weitere Produkte im Bereich des Leuchtentunings interessieren, sollten Sie sich auch die anderen Produkte in unserem Online Shop zur Beleuchtung ansehen. Aber auch in allen anderen Bereichen des Tuning k\u00f6nnen wir Ihnen ein riesiges Angebot an Artikeln bieten. Schauen Sie doch rein und \u00fcberzeugen Sie sich selbst.<span style=\"display: inline-block; width: 0px; overflow: hidden; line-height: 0;\" data-mce-type=\"bookmark\" class=\"mce_SELRES_start\">\ufeff<\/span><\/p>\n","protected":false},"excerpt":{"rendered":"<p>Farbe: wei&szlig; keine Zulassung n&ouml;tig 12V Anschluss &uuml;ber Zigarettenanz&uuml;nder mit je 3 LEDs 2 St&uuml;ck LED Innenraumleuchten Set Hohe Lebensdauer Top Qualit&auml;tFarbe: wei&szlig; keine Zulassung n&ouml;tig 12V Anschluss &uuml;ber Zigarettenanz&uuml;nder mit je 3 LEDs 2 St&uuml;ck LED Innenraumleuchten Set Hohe Lebensdauer Top Qualit&auml;t<\/p>\n","protected":false},"featured_media":50286,"comment_status":"closed","ping_status":"open","template":"","meta":[],"product_brand":[],"product_cat":[633,652],"product_tag":[],"class_list":{"0":"post-50285","1":"product","2":"type-product","3":"status-publish","4":"has-post-thumbnail","6":"product_cat-beleuchtung-tuning","7":"product_cat-birnen-co","8":"pa_kfz-hersteller-universal","9":"pa_kfz-modell-universal","11":"first","12":"instock","13":"purchasable","14":"product-type-simple"},"_links":{"self":[{"href":"https:\/\/car-2.de\/shop\/wp-json\/wp\/v2\/product\/50285","targetHints":{"allow":["GET"]}}],"collection":[{"href":"https:\/\/car-2.de\/shop\/wp-json\/wp\/v2\/product"}],"about":[{"href":"https:\/\/car-2.de\/shop\/wp-json\/wp\/v2\/types\/product"}],"replies":[{"embeddable":true,"href":"https:\/\/car-2.de\/shop\/wp-json\/wp\/v2\/comments?post=50285"}],"wp:featuredmedia":[{"embeddable":true,"href":"https:\/\/car-2.de\/shop\/wp-json\/wp\/v2\/media\/50286"}],"wp:attachment":[{"href":"https:\/\/car-2.de\/shop\/wp-json\/wp\/v2\/media?parent=50285"}],"wp:term":[{"taxonomy":"product_brand","embeddable":true,"href":"https:\/\/car-2.de\/shop\/wp-json\/wp\/v2\/product_brand?post=50285"},{"taxonomy":"product_cat","embeddable":true,"href":"https:\/\/car-2.de\/shop\/wp-json\/wp\/v2\/product_cat?post=50285"},{"taxonomy":"product_tag","embeddable":true,"href":"https:\/\/car-2.de\/shop\/wp-json\/wp\/v2\/product_tag?post=50285"}],"curies":[{"name":"wp","href":"https:\/\/api.w.org\/{rel}","templated":true}]}}