{"id":49272,"date":"2025-01-02T02:03:52","date_gmt":"2025-01-02T01:03:52","guid":{"rendered":"https:\/\/autotuning-shop.de\/shop\/produkt\/scheinwerfer-set-vw-bora-typ-1j-98-05-schwarz\/"},"modified":"2025-01-02T02:03:57","modified_gmt":"2025-01-02T01:03:57","slug":"scheinwerfer-set-vw-bora-typ-1j-98-05-schwarz","status":"publish","type":"product","link":"https:\/\/car-2.de\/shop\/produkt\/scheinwerfer-set-vw-bora-typ-1j-98-05-schwarz\/","title":{"rendered":"Scheinwerfer Set VW Bora Typ 1J  98-05 schwarz"},"content":{"rendered":"<p><span style=\"display: inline-block; width: 0px; overflow: hidden; line-height: 0;\" data-mce-type=\"bookmark\" class=\"mce_SELRES_start\">\ufeff<\/span><\/p>\n","protected":false},"excerpt":{"rendered":"<p>f\u00fcr VW Boraf\u00fcr Baujahr: 1998 bis 2005mit E Pr\u00fcfzeichen (eintragungsfrei)mit elektr. Leuchtweitenregulierung ohne StellmotorFarbe: schwarzohne Nebelscheinwerfermit integriertem Blinker und LeuchtringTop Qualit\u00e4t und DesignDesign Scheinwerferf\u00fcr VW Boraf\u00fcr Baujahr: 1998 bis 2005mit E Pr\u00fcfzeichen (eintragungsfrei)mit elektr. Leuchtweitenregulierung ohne StellmotorFarbe: schwarzohne Nebelscheinwerfermit integriertem Blinker und LeuchtringTop Qualit\u00e4t und DesignDesign Scheinwerfer<\/p>\n","protected":false},"featured_media":49273,"comment_status":"closed","ping_status":"open","template":"","meta":[],"product_brand":[],"product_cat":[633,634],"product_tag":[],"class_list":{"0":"post-49272","1":"product","2":"type-product","3":"status-publish","4":"has-post-thumbnail","6":"product_cat-beleuchtung-tuning","7":"product_cat-scheinwerfer","8":"pa_kfz-hersteller-vw","9":"pa_kfz-modell-bora","11":"first","12":"instock","13":"purchasable","14":"product-type-simple"},"_links":{"self":[{"href":"https:\/\/car-2.de\/shop\/wp-json\/wp\/v2\/product\/49272","targetHints":{"allow":["GET"]}}],"collection":[{"href":"https:\/\/car-2.de\/shop\/wp-json\/wp\/v2\/product"}],"about":[{"href":"https:\/\/car-2.de\/shop\/wp-json\/wp\/v2\/types\/product"}],"replies":[{"embeddable":true,"href":"https:\/\/car-2.de\/shop\/wp-json\/wp\/v2\/comments?post=49272"}],"wp:featuredmedia":[{"embeddable":true,"href":"https:\/\/car-2.de\/shop\/wp-json\/wp\/v2\/media\/49273"}],"wp:attachment":[{"href":"https:\/\/car-2.de\/shop\/wp-json\/wp\/v2\/media?parent=49272"}],"wp:term":[{"taxonomy":"product_brand","embeddable":true,"href":"https:\/\/car-2.de\/shop\/wp-json\/wp\/v2\/product_brand?post=49272"},{"taxonomy":"product_cat","embeddable":true,"href":"https:\/\/car-2.de\/shop\/wp-json\/wp\/v2\/product_cat?post=49272"},{"taxonomy":"product_tag","embeddable":true,"href":"https:\/\/car-2.de\/shop\/wp-json\/wp\/v2\/product_tag?post=49272"}],"curies":[{"name":"wp","href":"https:\/\/api.w.org\/{rel}","templated":true}]}}