{"id":49172,"date":"2025-01-02T02:03:52","date_gmt":"2025-01-02T01:03:52","guid":{"rendered":"https:\/\/autotuning-shop.de\/shop\/produkt\/scheinwerfer-set-renault-clio-typ-b-98-01-schwarz\/"},"modified":"2025-01-02T02:03:53","modified_gmt":"2025-01-02T01:03:53","slug":"scheinwerfer-set-renault-clio-typ-b-98-01-schwarz","status":"publish","type":"product","link":"https:\/\/car-2.de\/shop\/produkt\/scheinwerfer-set-renault-clio-typ-b-98-01-schwarz\/","title":{"rendered":"Scheinwerfer Set Renault Clio Typ B  98-01 schwarz"},"content":{"rendered":"<p><span style=\"display: inline-block; width: 0px; overflow: hidden; line-height: 0;\" data-mce-type=\"bookmark\" class=\"mce_SELRES_start\">\ufeff<\/span><\/p>\n","protected":false},"excerpt":{"rendered":"<p>f\u00fcr Renault Clio 2 (B)f\u00fcr Baujahr: 1998 bis 2001mit E Pr\u00fcfzeichen (eintragungsfrei)mit elektr. Leuchtweitenregulierung ohne StellmotorFarbe: schwarzmit integriertem Blinkermit Standlichtringenlinks + rechts (Set)Design Scheinwerferf\u00fcr Renault Clio 2 (B)f\u00fcr Baujahr: 1998 bis 2001mit E Pr\u00fcfzeichen (eintragungsfrei)mit elektr. Leuchtweitenregulierung ohne StellmotorFarbe: schwarzmit integriertem Blinkermit Standlichtringenlinks + rechts (Set)Design Scheinwerfer<\/p>\n","protected":false},"featured_media":49173,"comment_status":"closed","ping_status":"open","template":"","meta":[],"product_brand":[],"product_cat":[633,634],"product_tag":[],"class_list":{"0":"post-49172","1":"product","2":"type-product","3":"status-publish","4":"has-post-thumbnail","6":"product_cat-beleuchtung-tuning","7":"product_cat-scheinwerfer","8":"pa_kfz-hersteller-renault","9":"pa_kfz-modell-clio-2-b","11":"first","12":"instock","13":"purchasable","14":"product-type-simple"},"_links":{"self":[{"href":"https:\/\/car-2.de\/shop\/wp-json\/wp\/v2\/product\/49172","targetHints":{"allow":["GET"]}}],"collection":[{"href":"https:\/\/car-2.de\/shop\/wp-json\/wp\/v2\/product"}],"about":[{"href":"https:\/\/car-2.de\/shop\/wp-json\/wp\/v2\/types\/product"}],"replies":[{"embeddable":true,"href":"https:\/\/car-2.de\/shop\/wp-json\/wp\/v2\/comments?post=49172"}],"wp:featuredmedia":[{"embeddable":true,"href":"https:\/\/car-2.de\/shop\/wp-json\/wp\/v2\/media\/49173"}],"wp:attachment":[{"href":"https:\/\/car-2.de\/shop\/wp-json\/wp\/v2\/media?parent=49172"}],"wp:term":[{"taxonomy":"product_brand","embeddable":true,"href":"https:\/\/car-2.de\/shop\/wp-json\/wp\/v2\/product_brand?post=49172"},{"taxonomy":"product_cat","embeddable":true,"href":"https:\/\/car-2.de\/shop\/wp-json\/wp\/v2\/product_cat?post=49172"},{"taxonomy":"product_tag","embeddable":true,"href":"https:\/\/car-2.de\/shop\/wp-json\/wp\/v2\/product_tag?post=49172"}],"curies":[{"name":"wp","href":"https:\/\/api.w.org\/{rel}","templated":true}]}}