{"id":49129,"date":"2025-01-10T13:27:24","date_gmt":"2025-01-10T12:27:24","guid":{"rendered":"https:\/\/autotuning-shop.de\/shop\/produkt\/scheinwerfer-set-peugeot-307-01-06-schwarz\/"},"modified":"2025-01-10T13:27:27","modified_gmt":"2025-01-10T12:27:27","slug":"scheinwerfer-set-peugeot-307-01-06-schwarz","status":"publish","type":"product","link":"https:\/\/car-2.de\/shop\/produkt\/scheinwerfer-set-peugeot-307-01-06-schwarz\/","title":{"rendered":"Scheinwerfer Set Peugeot 307  01-06 schwarz"},"content":{"rendered":"<p><span style=\"display: inline-block; width: 0px; overflow: hidden; line-height: 0;\" data-mce-type=\"bookmark\" class=\"mce_SELRES_start\">\ufeff<\/span><\/p>\n","protected":false},"excerpt":{"rendered":"<p>f\u00fcr Peugeot 307f\u00fcr Baujahr 2001 bis 2006Farbe: schwarzmit E Pr\u00fcfzeichen, OHNE elektr. Leuchtweitenregulierung, Einbaum\u00f6glichkeit mit Fahrzeughersteller\/Zulassungsstelle vor Einbau kl\u00e4renlinks + rechts (Set)Angel Eyes Scheinwerfer mit Standlichtringenohne NSWf\u00fcr Peugeot 307f\u00fcr Baujahr 2001 bis 2006Farbe: schwarzmit E Pr\u00fcfzeichen, OHNE elektr. Leuchtweitenregulierung, Einbaum\u00f6glichkeit mit Fahrzeughersteller\/Zulassungsstelle vor Einbau kl\u00e4renlinks + rechts (Set)Angel Eyes Scheinwerfer mit Standlichtringenohne NSW<\/p>\n","protected":false},"featured_media":49158,"comment_status":"closed","ping_status":"open","template":"","meta":[],"product_brand":[],"product_cat":[633,634],"product_tag":[],"class_list":{"0":"post-49129","1":"product","2":"type-product","3":"status-publish","4":"has-post-thumbnail","6":"product_cat-beleuchtung-tuning","7":"product_cat-scheinwerfer","8":"pa_kfz-hersteller-peugeot","9":"pa_kfz-modell-1130","11":"first","12":"instock","13":"purchasable","14":"product-type-simple"},"_links":{"self":[{"href":"https:\/\/car-2.de\/shop\/wp-json\/wp\/v2\/product\/49129","targetHints":{"allow":["GET"]}}],"collection":[{"href":"https:\/\/car-2.de\/shop\/wp-json\/wp\/v2\/product"}],"about":[{"href":"https:\/\/car-2.de\/shop\/wp-json\/wp\/v2\/types\/product"}],"replies":[{"embeddable":true,"href":"https:\/\/car-2.de\/shop\/wp-json\/wp\/v2\/comments?post=49129"}],"wp:featuredmedia":[{"embeddable":true,"href":"https:\/\/car-2.de\/shop\/wp-json\/wp\/v2\/media\/49158"}],"wp:attachment":[{"href":"https:\/\/car-2.de\/shop\/wp-json\/wp\/v2\/media?parent=49129"}],"wp:term":[{"taxonomy":"product_brand","embeddable":true,"href":"https:\/\/car-2.de\/shop\/wp-json\/wp\/v2\/product_brand?post=49129"},{"taxonomy":"product_cat","embeddable":true,"href":"https:\/\/car-2.de\/shop\/wp-json\/wp\/v2\/product_cat?post=49129"},{"taxonomy":"product_tag","embeddable":true,"href":"https:\/\/car-2.de\/shop\/wp-json\/wp\/v2\/product_tag?post=49129"}],"curies":[{"name":"wp","href":"https:\/\/api.w.org\/{rel}","templated":true}]}}