{"id":48889,"date":"2025-01-02T02:03:36","date_gmt":"2025-01-02T01:03:36","guid":{"rendered":"https:\/\/autotuning-shop.de\/shop\/produkt\/scheinwerfer-set-mercedes-clk-typ-w208-98-02-chrom\/"},"modified":"2025-01-02T02:03:37","modified_gmt":"2025-01-02T01:03:37","slug":"scheinwerfer-set-mercedes-clk-typ-w208-98-02-chrom","status":"publish","type":"product","link":"https:\/\/car-2.de\/shop\/produkt\/scheinwerfer-set-mercedes-clk-typ-w208-98-02-chrom\/","title":{"rendered":"Scheinwerfer Set Mercedes CLK Typ W208  98-02 chrom"},"content":{"rendered":"<p><span style=\"display: inline-block; width: 0px; overflow: hidden; line-height: 0;\" data-mce-type=\"bookmark\" class=\"mce_SELRES_start\">\ufeff<\/span><\/p>\n","protected":false},"excerpt":{"rendered":"<p>f\u00fcr Mercedes-Benz CLK (208)f\u00fcr Baujahr: 1998 bis 2002mit E Pr\u00fcfzeichen, OHNE elektr. Leuchtweitenregulierung, Einbaum\u00f6glichkeit mit Fahrzeughersteller\/Zulassungsstelle vor Einbau kl\u00e4renFarbe: chromDesign ScheinwerferTop Qualit\u00e4t und Designf\u00fcr Mercedes-Benz CLK (208)f\u00fcr Baujahr: 1998 bis 2002mit E Pr\u00fcfzeichen, OHNE elektr. Leuchtweitenregulierung, Einbaum\u00f6glichkeit mit Fahrzeughersteller\/Zulassungsstelle vor Einbau kl\u00e4renFarbe: chromDesign ScheinwerferTop Qualit\u00e4t und Design<\/p>\n","protected":false},"featured_media":48890,"comment_status":"closed","ping_status":"open","template":"","meta":[],"product_brand":[],"product_cat":[633,634],"product_tag":[],"class_list":{"0":"post-48889","1":"product","2":"type-product","3":"status-publish","4":"has-post-thumbnail","6":"product_cat-beleuchtung-tuning","7":"product_cat-scheinwerfer","8":"pa_kfz-hersteller-mercedes-benz","9":"pa_kfz-modell-clk-208","11":"first","12":"instock","13":"purchasable","14":"product-type-simple"},"_links":{"self":[{"href":"https:\/\/car-2.de\/shop\/wp-json\/wp\/v2\/product\/48889","targetHints":{"allow":["GET"]}}],"collection":[{"href":"https:\/\/car-2.de\/shop\/wp-json\/wp\/v2\/product"}],"about":[{"href":"https:\/\/car-2.de\/shop\/wp-json\/wp\/v2\/types\/product"}],"replies":[{"embeddable":true,"href":"https:\/\/car-2.de\/shop\/wp-json\/wp\/v2\/comments?post=48889"}],"wp:featuredmedia":[{"embeddable":true,"href":"https:\/\/car-2.de\/shop\/wp-json\/wp\/v2\/media\/48890"}],"wp:attachment":[{"href":"https:\/\/car-2.de\/shop\/wp-json\/wp\/v2\/media?parent=48889"}],"wp:term":[{"taxonomy":"product_brand","embeddable":true,"href":"https:\/\/car-2.de\/shop\/wp-json\/wp\/v2\/product_brand?post=48889"},{"taxonomy":"product_cat","embeddable":true,"href":"https:\/\/car-2.de\/shop\/wp-json\/wp\/v2\/product_cat?post=48889"},{"taxonomy":"product_tag","embeddable":true,"href":"https:\/\/car-2.de\/shop\/wp-json\/wp\/v2\/product_tag?post=48889"}],"curies":[{"name":"wp","href":"https:\/\/api.w.org\/{rel}","templated":true}]}}