{"id":48686,"date":"2025-01-10T13:26:56","date_gmt":"2025-01-10T12:26:56","guid":{"rendered":"https:\/\/autotuning-shop.de\/shop\/produkt\/scheinwerfer-set-citroen-c4-3-trg-5-trg-typ-l-04-schwarz\/"},"modified":"2025-01-10T13:26:58","modified_gmt":"2025-01-10T12:26:58","slug":"scheinwerfer-set-citroen-c4-3-trg-5-trg-typ-l-04-schwarz","status":"publish","type":"product","link":"https:\/\/car-2.de\/shop\/produkt\/scheinwerfer-set-citroen-c4-3-trg-5-trg-typ-l-04-schwarz\/","title":{"rendered":"Scheinwerfer Set Citroen C4 3-trg.\/5-trg. Typ L  04- schwarz"},"content":{"rendered":"<p><span style=\"display: inline-block; width: 0px; overflow: hidden; line-height: 0;\" data-mce-type=\"bookmark\" class=\"mce_SELRES_start\">\ufeff<\/span><\/p>\n","protected":false},"excerpt":{"rendered":"<p>f\u00fcr Citroen C4 (L)f\u00fcr Baujahr: ab 2004Farbe: schwarzmit E Pr\u00fcfzeichen (eintragungsfrei)mit elektr. Leuchtweitenregulierung inkl. StellmotorDesign ScheinwerferTop Qualit\u00e4t und Designf\u00fcr Citroen C4 (L)f\u00fcr Baujahr: ab 2004Farbe: schwarzmit E Pr\u00fcfzeichen (eintragungsfrei)mit elektr. Leuchtweitenregulierung inkl. StellmotorDesign ScheinwerferTop Qualit\u00e4t und Design<\/p>\n","protected":false},"featured_media":48687,"comment_status":"closed","ping_status":"open","template":"","meta":[],"product_brand":[],"product_cat":[633,634],"product_tag":[],"class_list":{"0":"post-48686","1":"product","2":"type-product","3":"status-publish","4":"has-post-thumbnail","6":"product_cat-beleuchtung-tuning","7":"product_cat-scheinwerfer","8":"pa_kfz-hersteller-citroen","9":"pa_kfz-modell-c4-l","11":"first","12":"instock","13":"purchasable","14":"product-type-simple"},"_links":{"self":[{"href":"https:\/\/car-2.de\/shop\/wp-json\/wp\/v2\/product\/48686","targetHints":{"allow":["GET"]}}],"collection":[{"href":"https:\/\/car-2.de\/shop\/wp-json\/wp\/v2\/product"}],"about":[{"href":"https:\/\/car-2.de\/shop\/wp-json\/wp\/v2\/types\/product"}],"replies":[{"embeddable":true,"href":"https:\/\/car-2.de\/shop\/wp-json\/wp\/v2\/comments?post=48686"}],"wp:featuredmedia":[{"embeddable":true,"href":"https:\/\/car-2.de\/shop\/wp-json\/wp\/v2\/media\/48687"}],"wp:attachment":[{"href":"https:\/\/car-2.de\/shop\/wp-json\/wp\/v2\/media?parent=48686"}],"wp:term":[{"taxonomy":"product_brand","embeddable":true,"href":"https:\/\/car-2.de\/shop\/wp-json\/wp\/v2\/product_brand?post=48686"},{"taxonomy":"product_cat","embeddable":true,"href":"https:\/\/car-2.de\/shop\/wp-json\/wp\/v2\/product_cat?post=48686"},{"taxonomy":"product_tag","embeddable":true,"href":"https:\/\/car-2.de\/shop\/wp-json\/wp\/v2\/product_tag?post=48686"}],"curies":[{"name":"wp","href":"https:\/\/api.w.org\/{rel}","templated":true}]}}