{"id":48609,"date":"2025-01-10T13:26:56","date_gmt":"2025-01-10T12:26:56","guid":{"rendered":"https:\/\/autotuning-shop.de\/shop\/produkt\/scheinwerfer-set-bmw-5er-typ-e39-95-00-schwarz\/"},"modified":"2025-01-10T13:26:57","modified_gmt":"2025-01-10T12:26:57","slug":"scheinwerfer-set-bmw-5er-typ-e39-95-00-schwarz","status":"publish","type":"product","link":"https:\/\/car-2.de\/shop\/produkt\/scheinwerfer-set-bmw-5er-typ-e39-95-00-schwarz\/","title":{"rendered":"Scheinwerfer Set BMW 5er Typ E39  95-00 schwarz"},"content":{"rendered":"<p><span style=\"display: inline-block; width: 0px; overflow: hidden; line-height: 0;\" data-mce-type=\"bookmark\" class=\"mce_SELRES_start\">\ufeff<\/span><\/p>\n","protected":false},"excerpt":{"rendered":"<p>f\u00fcr BMW 5er E39f\u00fcr Baujahr 1995 bis 2000Farbe: schwarzmit E Pr\u00fcfzeichen, OHNE elektr. Leuchtweitenregulierung, Einbaum\u00f6glichkeit mit Fahrzeughersteller\/Zulassungsstelle vor Einbau kl\u00e4renlinks + rechts (Set)Design Scheinwerfermit Blinkerf\u00fcr BMW 5er E39f\u00fcr Baujahr 1995 bis 2000Farbe: schwarzmit E Pr\u00fcfzeichen, OHNE elektr. Leuchtweitenregulierung, Einbaum\u00f6glichkeit mit Fahrzeughersteller\/Zulassungsstelle vor Einbau kl\u00e4renlinks + rechts (Set)Design Scheinwerfermit Blinker<\/p>\n","protected":false},"featured_media":48625,"comment_status":"closed","ping_status":"open","template":"","meta":[],"product_brand":[],"product_cat":[633,634],"product_tag":[],"class_list":{"0":"post-48609","1":"product","2":"type-product","3":"status-publish","4":"has-post-thumbnail","6":"product_cat-beleuchtung-tuning","7":"product_cat-scheinwerfer","8":"pa_kfz-hersteller-bmw","9":"pa_kfz-modell-5er-e39","11":"first","12":"instock","13":"purchasable","14":"product-type-simple"},"_links":{"self":[{"href":"https:\/\/car-2.de\/shop\/wp-json\/wp\/v2\/product\/48609","targetHints":{"allow":["GET"]}}],"collection":[{"href":"https:\/\/car-2.de\/shop\/wp-json\/wp\/v2\/product"}],"about":[{"href":"https:\/\/car-2.de\/shop\/wp-json\/wp\/v2\/types\/product"}],"replies":[{"embeddable":true,"href":"https:\/\/car-2.de\/shop\/wp-json\/wp\/v2\/comments?post=48609"}],"wp:featuredmedia":[{"embeddable":true,"href":"https:\/\/car-2.de\/shop\/wp-json\/wp\/v2\/media\/48625"}],"wp:attachment":[{"href":"https:\/\/car-2.de\/shop\/wp-json\/wp\/v2\/media?parent=48609"}],"wp:term":[{"taxonomy":"product_brand","embeddable":true,"href":"https:\/\/car-2.de\/shop\/wp-json\/wp\/v2\/product_brand?post=48609"},{"taxonomy":"product_cat","embeddable":true,"href":"https:\/\/car-2.de\/shop\/wp-json\/wp\/v2\/product_cat?post=48609"},{"taxonomy":"product_tag","embeddable":true,"href":"https:\/\/car-2.de\/shop\/wp-json\/wp\/v2\/product_tag?post=48609"}],"curies":[{"name":"wp","href":"https:\/\/api.w.org\/{rel}","templated":true}]}}