{"id":48602,"date":"2025-01-02T02:03:18","date_gmt":"2025-01-02T01:03:18","guid":{"rendered":"https:\/\/autotuning-shop.de\/shop\/produkt\/scheinwerfer-set-bmw-5er-typ-e39-95-00-chrom\/"},"modified":"2025-01-02T02:03:21","modified_gmt":"2025-01-02T01:03:21","slug":"scheinwerfer-set-bmw-5er-typ-e39-95-00-chrom","status":"publish","type":"product","link":"https:\/\/car-2.de\/shop\/produkt\/scheinwerfer-set-bmw-5er-typ-e39-95-00-chrom\/","title":{"rendered":"Scheinwerfer Set BMW 5er Typ E39  95-00 chrom"},"content":{"rendered":"<p><span style=\"display: inline-block; width: 0px; overflow: hidden; line-height: 0;\" data-mce-type=\"bookmark\" class=\"mce_SELRES_start\">\ufeff<\/span><\/p>\n","protected":false},"excerpt":{"rendered":"<p>f\u00fcr BMW 5er E39f\u00fcr Baujahr: 1995 bis 2000Farbe: chrommit E Pr\u00fcfzeichen (eintragungsfrei)mit elektr. Leuchweitenregulierung inkl. Stellmotormit integriertem BlinkerDesign ScheinwerferTop Qualit\u00e4t und Designf\u00fcr BMW 5er E39f\u00fcr Baujahr: 1995 bis 2000Farbe: chrommit E Pr\u00fcfzeichen (eintragungsfrei)mit elektr. Leuchweitenregulierung inkl. Stellmotormit integriertem BlinkerDesign ScheinwerferTop Qualit\u00e4t und Design<\/p>\n","protected":false},"featured_media":48603,"comment_status":"closed","ping_status":"open","template":"","meta":[],"product_brand":[],"product_cat":[633,634],"product_tag":[],"class_list":{"0":"post-48602","1":"product","2":"type-product","3":"status-publish","4":"has-post-thumbnail","6":"product_cat-beleuchtung-tuning","7":"product_cat-scheinwerfer","8":"pa_kfz-hersteller-bmw","9":"pa_kfz-modell-5er-e39","11":"first","12":"instock","13":"purchasable","14":"product-type-simple"},"_links":{"self":[{"href":"https:\/\/car-2.de\/shop\/wp-json\/wp\/v2\/product\/48602","targetHints":{"allow":["GET"]}}],"collection":[{"href":"https:\/\/car-2.de\/shop\/wp-json\/wp\/v2\/product"}],"about":[{"href":"https:\/\/car-2.de\/shop\/wp-json\/wp\/v2\/types\/product"}],"replies":[{"embeddable":true,"href":"https:\/\/car-2.de\/shop\/wp-json\/wp\/v2\/comments?post=48602"}],"wp:featuredmedia":[{"embeddable":true,"href":"https:\/\/car-2.de\/shop\/wp-json\/wp\/v2\/media\/48603"}],"wp:attachment":[{"href":"https:\/\/car-2.de\/shop\/wp-json\/wp\/v2\/media?parent=48602"}],"wp:term":[{"taxonomy":"product_brand","embeddable":true,"href":"https:\/\/car-2.de\/shop\/wp-json\/wp\/v2\/product_brand?post=48602"},{"taxonomy":"product_cat","embeddable":true,"href":"https:\/\/car-2.de\/shop\/wp-json\/wp\/v2\/product_cat?post=48602"},{"taxonomy":"product_tag","embeddable":true,"href":"https:\/\/car-2.de\/shop\/wp-json\/wp\/v2\/product_tag?post=48602"}],"curies":[{"name":"wp","href":"https:\/\/api.w.org\/{rel}","templated":true}]}}