{"id":48381,"date":"2025-01-10T13:26:48","date_gmt":"2025-01-10T12:26:48","guid":{"rendered":"https:\/\/autotuning-shop.de\/shop\/produkt\/scheinwerfer-set-angel-eyes-opel-astra-g-98-03-chrom\/"},"modified":"2025-01-10T13:26:50","modified_gmt":"2025-01-10T12:26:50","slug":"scheinwerfer-set-angel-eyes-opel-astra-g-98-03-chrom","status":"publish","type":"product","link":"https:\/\/car-2.de\/shop\/produkt\/scheinwerfer-set-angel-eyes-opel-astra-g-98-03-chrom\/","title":{"rendered":"Scheinwerfer Set Angel Eyes Opel Astra G  98-03 chrom"},"content":{"rendered":"<p><span style=\"display: inline-block; width: 0px; overflow: hidden; line-height: 0;\" data-mce-type=\"bookmark\" class=\"mce_SELRES_start\">\ufeff<\/span><\/p>\n","protected":false},"excerpt":{"rendered":"<p>f\u00fcr Baujahr: 1998 bis 2003mit E Pr\u00fcfzeichen (eintragungsfrei)mit elektr. Leuchtweitenregulierung ohne StellmotorLeuchtmittel: H7*2,W5W,PY21W,2.3W*7mit integrierten BlinkernAngel Eyes Scheinwerfer Opel Astra GTop Qualit\u00e4t und DesignFarbe: cf\u00fcr Baujahr: 1998 bis 2003mit E Pr\u00fcfzeichen (eintragungsfrei)mit elektr. Leuchtweitenregulierung ohne StellmotorLeuchtmittel: H7*2,W5W,PY21W,2.3W*7mit integrierten BlinkernAngel Eyes Scheinwerfer Opel Astra GTop Qualit\u00e4t und DesignFarbe: c<\/p>\n","protected":false},"featured_media":48382,"comment_status":"closed","ping_status":"open","template":"","meta":[],"product_brand":[],"product_cat":[633,634],"product_tag":[],"class_list":{"0":"post-48381","1":"product","2":"type-product","3":"status-publish","4":"has-post-thumbnail","6":"product_cat-beleuchtung-tuning","7":"product_cat-scheinwerfer","8":"pa_kfz-hersteller-opel","9":"pa_kfz-modell-astra-g","11":"first","12":"instock","13":"purchasable","14":"product-type-simple"},"_links":{"self":[{"href":"https:\/\/car-2.de\/shop\/wp-json\/wp\/v2\/product\/48381","targetHints":{"allow":["GET"]}}],"collection":[{"href":"https:\/\/car-2.de\/shop\/wp-json\/wp\/v2\/product"}],"about":[{"href":"https:\/\/car-2.de\/shop\/wp-json\/wp\/v2\/types\/product"}],"replies":[{"embeddable":true,"href":"https:\/\/car-2.de\/shop\/wp-json\/wp\/v2\/comments?post=48381"}],"wp:featuredmedia":[{"embeddable":true,"href":"https:\/\/car-2.de\/shop\/wp-json\/wp\/v2\/media\/48382"}],"wp:attachment":[{"href":"https:\/\/car-2.de\/shop\/wp-json\/wp\/v2\/media?parent=48381"}],"wp:term":[{"taxonomy":"product_brand","embeddable":true,"href":"https:\/\/car-2.de\/shop\/wp-json\/wp\/v2\/product_brand?post=48381"},{"taxonomy":"product_cat","embeddable":true,"href":"https:\/\/car-2.de\/shop\/wp-json\/wp\/v2\/product_cat?post=48381"},{"taxonomy":"product_tag","embeddable":true,"href":"https:\/\/car-2.de\/shop\/wp-json\/wp\/v2\/product_tag?post=48381"}],"curies":[{"name":"wp","href":"https:\/\/api.w.org\/{rel}","templated":true}]}}