{"id":48073,"date":"2025-01-02T02:02:47","date_gmt":"2025-01-02T01:02:47","guid":{"rendered":"https:\/\/autotuning-shop.de\/shop\/produkt\/scheinwerfer-set-daylight-led-tfl-optik-vw-bora-typ-1j-99-04-schwarz\/"},"modified":"2025-01-02T02:02:52","modified_gmt":"2025-01-02T01:02:52","slug":"scheinwerfer-set-daylight-led-tfl-optik-vw-bora-typ-1j-99-04-schwarz","status":"publish","type":"product","link":"https:\/\/car-2.de\/shop\/produkt\/scheinwerfer-set-daylight-led-tfl-optik-vw-bora-typ-1j-99-04-schwarz\/","title":{"rendered":"Scheinwerfer Set Daylight LED TFL-Optik VW Bora Typ 1J  99-04 schwarz"},"content":{"rendered":"<p><span style=\"display: inline-block; width: 0px; overflow: hidden; line-height: 0;\" data-mce-type=\"bookmark\" class=\"mce_SELRES_start\">\ufeff<\/span><\/p>\n","protected":false},"excerpt":{"rendered":"<p>f\u00fcr VW Boraf\u00fcr Baujahr: 1999 bis 2004Farbe: schwarzmit E Pr\u00fcfzeichen (eintragungsfrei)ohne elektrische LeuchtweitenregulierungDaylight Scheinwerfer mit LED Standlicht und Nebelscheinwerfermit integriertem Blinkerf\u00fcr VW Boraf\u00fcr Baujahr: 1999 bis 2004Farbe: schwarzmit E Pr\u00fcfzeichen (eintragungsfrei)ohne elektrische LeuchtweitenregulierungDaylight Scheinwerfer mit LED Standlicht und Nebelscheinwerfermit integriertem Blinker<\/p>\n","protected":false},"featured_media":48074,"comment_status":"closed","ping_status":"open","template":"","meta":[],"product_brand":[],"product_cat":[633,634],"product_tag":[],"class_list":{"0":"post-48073","1":"product","2":"type-product","3":"status-publish","4":"has-post-thumbnail","6":"product_cat-beleuchtung-tuning","7":"product_cat-scheinwerfer","8":"pa_kfz-hersteller-vw","9":"pa_kfz-modell-bora","11":"first","12":"instock","13":"purchasable","14":"product-type-simple"},"_links":{"self":[{"href":"https:\/\/car-2.de\/shop\/wp-json\/wp\/v2\/product\/48073","targetHints":{"allow":["GET"]}}],"collection":[{"href":"https:\/\/car-2.de\/shop\/wp-json\/wp\/v2\/product"}],"about":[{"href":"https:\/\/car-2.de\/shop\/wp-json\/wp\/v2\/types\/product"}],"replies":[{"embeddable":true,"href":"https:\/\/car-2.de\/shop\/wp-json\/wp\/v2\/comments?post=48073"}],"wp:featuredmedia":[{"embeddable":true,"href":"https:\/\/car-2.de\/shop\/wp-json\/wp\/v2\/media\/48074"}],"wp:attachment":[{"href":"https:\/\/car-2.de\/shop\/wp-json\/wp\/v2\/media?parent=48073"}],"wp:term":[{"taxonomy":"product_brand","embeddable":true,"href":"https:\/\/car-2.de\/shop\/wp-json\/wp\/v2\/product_brand?post=48073"},{"taxonomy":"product_cat","embeddable":true,"href":"https:\/\/car-2.de\/shop\/wp-json\/wp\/v2\/product_cat?post=48073"},{"taxonomy":"product_tag","embeddable":true,"href":"https:\/\/car-2.de\/shop\/wp-json\/wp\/v2\/product_tag?post=48073"}],"curies":[{"name":"wp","href":"https:\/\/api.w.org\/{rel}","templated":true}]}}