{"id":47796,"date":"2025-01-02T02:02:39","date_gmt":"2025-01-02T01:02:39","guid":{"rendered":"https:\/\/autotuning-shop.de\/shop\/produkt\/scheinwerfer-set-daylight-led-tfl-optik-mini-cooper-typ-r50-01-06-schwarz\/"},"modified":"2025-01-02T02:02:39","modified_gmt":"2025-01-02T01:02:39","slug":"scheinwerfer-set-daylight-led-tfl-optik-mini-cooper-typ-r50-01-06-schwarz","status":"publish","type":"product","link":"https:\/\/car-2.de\/shop\/produkt\/scheinwerfer-set-daylight-led-tfl-optik-mini-cooper-typ-r50-01-06-schwarz\/","title":{"rendered":"Scheinwerfer Set Daylight LED TFL-Optik Mini Cooper Typ R50  01-06 schwarz"},"content":{"rendered":"<p><span style=\"display: inline-block; width: 0px; overflow: hidden; line-height: 0;\" data-mce-type=\"bookmark\" class=\"mce_SELRES_start\">\ufeff<\/span><\/p>\n","protected":false},"excerpt":{"rendered":"<p>f\u00fcr BMW MINIf\u00fcr Baujahr: 2001 bis 2006Farbe: schwarzmit E Pr\u00fcfzeichen (eintragungsfrei)mit elektr. Leuchtweitenregulierung inkl. StellmotorDaylight Scheinwerfer mit LED StandlichtLeuchtmittel: 2x H1f\u00fcr BMW MINIf\u00fcr Baujahr: 2001 bis 2006Farbe: schwarzmit E Pr\u00fcfzeichen (eintragungsfrei)mit elektr. Leuchtweitenregulierung inkl. StellmotorDaylight Scheinwerfer mit LED StandlichtLeuchtmittel: 2x H1<\/p>\n","protected":false},"featured_media":47797,"comment_status":"closed","ping_status":"open","template":"","meta":[],"product_brand":[],"product_cat":[633,634],"product_tag":[],"class_list":{"0":"post-47796","1":"product","2":"type-product","3":"status-publish","4":"has-post-thumbnail","6":"product_cat-beleuchtung-tuning","7":"product_cat-scheinwerfer","8":"pa_kfz-hersteller-bmw","9":"pa_kfz-modell-mini","11":"first","12":"instock","13":"purchasable","14":"product-type-simple"},"_links":{"self":[{"href":"https:\/\/car-2.de\/shop\/wp-json\/wp\/v2\/product\/47796","targetHints":{"allow":["GET"]}}],"collection":[{"href":"https:\/\/car-2.de\/shop\/wp-json\/wp\/v2\/product"}],"about":[{"href":"https:\/\/car-2.de\/shop\/wp-json\/wp\/v2\/types\/product"}],"replies":[{"embeddable":true,"href":"https:\/\/car-2.de\/shop\/wp-json\/wp\/v2\/comments?post=47796"}],"wp:featuredmedia":[{"embeddable":true,"href":"https:\/\/car-2.de\/shop\/wp-json\/wp\/v2\/media\/47797"}],"wp:attachment":[{"href":"https:\/\/car-2.de\/shop\/wp-json\/wp\/v2\/media?parent=47796"}],"wp:term":[{"taxonomy":"product_brand","embeddable":true,"href":"https:\/\/car-2.de\/shop\/wp-json\/wp\/v2\/product_brand?post=47796"},{"taxonomy":"product_cat","embeddable":true,"href":"https:\/\/car-2.de\/shop\/wp-json\/wp\/v2\/product_cat?post=47796"},{"taxonomy":"product_tag","embeddable":true,"href":"https:\/\/car-2.de\/shop\/wp-json\/wp\/v2\/product_tag?post=47796"}],"curies":[{"name":"wp","href":"https:\/\/api.w.org\/{rel}","templated":true}]}}