{"id":45812,"date":"2025-01-10T13:25:47","date_gmt":"2025-01-10T12:25:47","guid":{"rendered":"https:\/\/autotuning-shop.de\/shop\/produkt\/rueckleuchten-set-peugeot-307-typ-3-01-06-schwarz\/"},"modified":"2025-01-10T13:25:47","modified_gmt":"2025-01-10T12:25:47","slug":"rueckleuchten-set-peugeot-307-typ-3-01-06-schwarz","status":"publish","type":"product","link":"https:\/\/car-2.de\/shop\/produkt\/rueckleuchten-set-peugeot-307-typ-3-01-06-schwarz\/","title":{"rendered":"R\u00fcckleuchten Set Peugeot 307 Typ 3***  01-06 schwarz"},"content":{"rendered":"<p><span style=\"display: inline-block; width: 0px; overflow: hidden; line-height: 0;\" data-mce-type=\"bookmark\" class=\"mce_SELRES_start\">\ufeff<\/span><\/p>\n","protected":false},"excerpt":{"rendered":"<p>f\u00fcr Peugeot 307f\u00fcr Baujahr: 2001 bis 2006Farbe: schwarzmit E Pr\u00fcfzeichen (eintragungsfrei)R\u00fcckleuchten Peugeot 307inkl. Kabelstrang1 Set bestehend aus 2 R\u00fcckleuchteneinfache Montagef\u00fcr Peugeot 307f\u00fcr Baujahr: 2001 bis 2006Farbe: schwarzmit E Pr\u00fcfzeichen (eintragungsfrei)R\u00fcckleuchten Peugeot 307inkl. Kabelstrang1 Set bestehend aus 2 R\u00fcckleuchteneinfache Montage<\/p>\n","protected":false},"featured_media":45813,"comment_status":"closed","ping_status":"open","template":"","meta":[],"product_brand":[],"product_cat":[633,640],"product_tag":[],"class_list":{"0":"post-45812","1":"product","2":"type-product","3":"status-publish","4":"has-post-thumbnail","6":"product_cat-beleuchtung-tuning","7":"product_cat-rueckleuchten","8":"pa_kfz-hersteller-peugeot","9":"pa_kfz-modell-1130","11":"first","12":"instock","13":"purchasable","14":"product-type-simple"},"_links":{"self":[{"href":"https:\/\/car-2.de\/shop\/wp-json\/wp\/v2\/product\/45812","targetHints":{"allow":["GET"]}}],"collection":[{"href":"https:\/\/car-2.de\/shop\/wp-json\/wp\/v2\/product"}],"about":[{"href":"https:\/\/car-2.de\/shop\/wp-json\/wp\/v2\/types\/product"}],"replies":[{"embeddable":true,"href":"https:\/\/car-2.de\/shop\/wp-json\/wp\/v2\/comments?post=45812"}],"wp:featuredmedia":[{"embeddable":true,"href":"https:\/\/car-2.de\/shop\/wp-json\/wp\/v2\/media\/45813"}],"wp:attachment":[{"href":"https:\/\/car-2.de\/shop\/wp-json\/wp\/v2\/media?parent=45812"}],"wp:term":[{"taxonomy":"product_brand","embeddable":true,"href":"https:\/\/car-2.de\/shop\/wp-json\/wp\/v2\/product_brand?post=45812"},{"taxonomy":"product_cat","embeddable":true,"href":"https:\/\/car-2.de\/shop\/wp-json\/wp\/v2\/product_cat?post=45812"},{"taxonomy":"product_tag","embeddable":true,"href":"https:\/\/car-2.de\/shop\/wp-json\/wp\/v2\/product_tag?post=45812"}],"curies":[{"name":"wp","href":"https:\/\/api.w.org\/{rel}","templated":true}]}}