{"id":45727,"date":"2025-01-02T01:59:50","date_gmt":"2025-01-02T00:59:50","guid":{"rendered":"https:\/\/autotuning-shop.de\/shop\/produkt\/rueckleuchten-set-opel-zafira-typ-t98-97-04-chrom\/"},"modified":"2025-01-02T01:59:55","modified_gmt":"2025-01-02T00:59:55","slug":"rueckleuchten-set-opel-zafira-typ-t98-97-04-chrom","status":"publish","type":"product","link":"https:\/\/car-2.de\/shop\/produkt\/rueckleuchten-set-opel-zafira-typ-t98-97-04-chrom\/","title":{"rendered":"R\u00fcckleuchten Set Opel Zafira Typ T98  97-04 chrom"},"content":{"rendered":"<p><span style=\"display: inline-block; width: 0px; overflow: hidden; line-height: 0;\" data-mce-type=\"bookmark\" class=\"mce_SELRES_start\">\ufeff<\/span><\/p>\n","protected":false},"excerpt":{"rendered":"<p>f\u00fcr Opel Zafira Af\u00fcr Baujahr: 1997 bis 2004Farbe: chrommit E Pr\u00fcfzeichen (eintragungsfrei)R\u00fcckleuchten Opel Zafira Ainkl. Kabelstrang1 Set bestehend aus 2 R\u00fcckleuchteneinfache Montagebeste Verarbeitungf\u00fcr Opel Zafira Af\u00fcr Baujahr: 1997 bis 2004Farbe: chrommit E Pr\u00fcfzeichen (eintragungsfrei)R\u00fcckleuchten Opel Zafira Ainkl. Kabelstrang1 Set bestehend aus 2 R\u00fcckleuchteneinfache Montagebeste Verarbeitung<\/p>\n","protected":false},"featured_media":45728,"comment_status":"closed","ping_status":"open","template":"","meta":[],"product_brand":[],"product_cat":[633,640],"product_tag":[],"class_list":{"0":"post-45727","1":"product","2":"type-product","3":"status-publish","4":"has-post-thumbnail","6":"product_cat-beleuchtung-tuning","7":"product_cat-rueckleuchten","8":"pa_kfz-hersteller-opel","9":"pa_kfz-modell-zafira-a","11":"first","12":"instock","13":"purchasable","14":"product-type-simple"},"_links":{"self":[{"href":"https:\/\/car-2.de\/shop\/wp-json\/wp\/v2\/product\/45727","targetHints":{"allow":["GET"]}}],"collection":[{"href":"https:\/\/car-2.de\/shop\/wp-json\/wp\/v2\/product"}],"about":[{"href":"https:\/\/car-2.de\/shop\/wp-json\/wp\/v2\/types\/product"}],"replies":[{"embeddable":true,"href":"https:\/\/car-2.de\/shop\/wp-json\/wp\/v2\/comments?post=45727"}],"wp:featuredmedia":[{"embeddable":true,"href":"https:\/\/car-2.de\/shop\/wp-json\/wp\/v2\/media\/45728"}],"wp:attachment":[{"href":"https:\/\/car-2.de\/shop\/wp-json\/wp\/v2\/media?parent=45727"}],"wp:term":[{"taxonomy":"product_brand","embeddable":true,"href":"https:\/\/car-2.de\/shop\/wp-json\/wp\/v2\/product_brand?post=45727"},{"taxonomy":"product_cat","embeddable":true,"href":"https:\/\/car-2.de\/shop\/wp-json\/wp\/v2\/product_cat?post=45727"},{"taxonomy":"product_tag","embeddable":true,"href":"https:\/\/car-2.de\/shop\/wp-json\/wp\/v2\/product_tag?post=45727"}],"curies":[{"name":"wp","href":"https:\/\/api.w.org\/{rel}","templated":true}]}}