{"id":45557,"date":"2025-01-02T01:59:43","date_gmt":"2025-01-02T00:59:43","guid":{"rendered":"https:\/\/autotuning-shop.de\/shop\/produkt\/rueckleuchten-mercedes-e-klasse-typ-w210-99-01-schwarz-rot\/"},"modified":"2025-01-02T01:59:45","modified_gmt":"2025-01-02T00:59:45","slug":"rueckleuchten-mercedes-e-klasse-typ-w210-99-01-schwarz-rot","status":"publish","type":"product","link":"https:\/\/car-2.de\/shop\/produkt\/rueckleuchten-mercedes-e-klasse-typ-w210-99-01-schwarz-rot\/","title":{"rendered":"R\u00fcckleuchten Mercedes E-Klasse Typ W210  99-01 schwarz rot"},"content":{"rendered":"<p><span style=\"display: inline-block; width: 0px; overflow: hidden; line-height: 0;\" data-mce-type=\"bookmark\" class=\"mce_SELRES_start\">\ufeff<\/span><\/p>\n","protected":false},"excerpt":{"rendered":"<p>f\u00fcr Mercedes-Benz E-Klasse (210)f\u00fcr Baujahr: 1999 bis 2001Farbe: schwarz\/rotmit E Pr\u00fcfzeichen (eintragungsfrei)R\u00fcckleuchten Mercedes Benz E Klasse 210inkl. Kabelstrang1 Set bestehend aus 2 R\u00fcckleuchteneinfache Montagebeste VerarbeitungCrystal Designf\u00fcr Mercedes-Benz E-Klasse (210)f\u00fcr Baujahr: 1999 bis 2001Farbe: schwarz\/rotmit E Pr\u00fcfzeichen (eintragungsfrei)R\u00fcckleuchten Mercedes Benz E Klasse 210inkl. Kabelstrang1 Set bestehend aus 2 R\u00fcckleuchteneinfache Montagebeste VerarbeitungCrystal Design<\/p>\n","protected":false},"featured_media":45558,"comment_status":"closed","ping_status":"open","template":"","meta":[],"product_brand":[],"product_cat":[633,640],"product_tag":[],"class_list":{"0":"post-45557","1":"product","2":"type-product","3":"status-publish","4":"has-post-thumbnail","6":"product_cat-beleuchtung-tuning","7":"product_cat-rueckleuchten","8":"pa_kfz-hersteller-mercedes-benz","9":"pa_kfz-modell-e-klasse-210","11":"first","12":"instock","13":"purchasable","14":"product-type-simple"},"_links":{"self":[{"href":"https:\/\/car-2.de\/shop\/wp-json\/wp\/v2\/product\/45557","targetHints":{"allow":["GET"]}}],"collection":[{"href":"https:\/\/car-2.de\/shop\/wp-json\/wp\/v2\/product"}],"about":[{"href":"https:\/\/car-2.de\/shop\/wp-json\/wp\/v2\/types\/product"}],"replies":[{"embeddable":true,"href":"https:\/\/car-2.de\/shop\/wp-json\/wp\/v2\/comments?post=45557"}],"wp:featuredmedia":[{"embeddable":true,"href":"https:\/\/car-2.de\/shop\/wp-json\/wp\/v2\/media\/45558"}],"wp:attachment":[{"href":"https:\/\/car-2.de\/shop\/wp-json\/wp\/v2\/media?parent=45557"}],"wp:term":[{"taxonomy":"product_brand","embeddable":true,"href":"https:\/\/car-2.de\/shop\/wp-json\/wp\/v2\/product_brand?post=45557"},{"taxonomy":"product_cat","embeddable":true,"href":"https:\/\/car-2.de\/shop\/wp-json\/wp\/v2\/product_cat?post=45557"},{"taxonomy":"product_tag","embeddable":true,"href":"https:\/\/car-2.de\/shop\/wp-json\/wp\/v2\/product_tag?post=45557"}],"curies":[{"name":"wp","href":"https:\/\/api.w.org\/{rel}","templated":true}]}}