{"id":45519,"date":"2025-01-02T01:59:24","date_gmt":"2025-01-02T00:59:24","guid":{"rendered":"https:\/\/autotuning-shop.de\/shop\/produkt\/rueckleuchten-set-honda-civic-2-trg-typ-ep1234-01-schwarz\/"},"modified":"2025-01-02T01:59:28","modified_gmt":"2025-01-02T00:59:28","slug":"rueckleuchten-set-honda-civic-2-trg-typ-ep1234-01-schwarz","status":"publish","type":"product","link":"https:\/\/car-2.de\/shop\/produkt\/rueckleuchten-set-honda-civic-2-trg-typ-ep1234-01-schwarz\/","title":{"rendered":"R\u00fcckleuchten Set Honda Civic 2-trg. Typ EP1234&#8230;  01- schwarz"},"content":{"rendered":"<p><span style=\"display: inline-block; width: 0px; overflow: hidden; line-height: 0;\" data-mce-type=\"bookmark\" class=\"mce_SELRES_start\">\ufeff<\/span><\/p>\n","protected":false},"excerpt":{"rendered":"<p>f\u00fcr Honda Civic 2f\u00fcr Baujahr: ab 2001Farbe: schwarzmit E Pr\u00fcfzeichen (eintragungsfrei)R\u00fcckleuchten Honda Civic 2f\u00fcr Fahrzeugtyp: Typ EP1,2,3,4\/EU6,7,8,9\/EV1inkl. Kabelstrangf\u00fcr den US-Markt1 Set bestehend aus 2 R\u00fcckleuchteneinfache Montagebeste Verarbeitungf\u00fcr Honda Civic 2f\u00fcr Baujahr: ab 2001Farbe: schwarzmit E Pr\u00fcfzeichen (eintragungsfrei)R\u00fcckleuchten Honda Civic 2f\u00fcr Fahrzeugtyp: Typ EP1,2,3,4\/EU6,7,8,9\/EV1inkl. Kabelstrangf\u00fcr den US-Markt1 Set bestehend aus 2 R\u00fcckleuchteneinfache Montagebeste Verarbeitung<\/p>\n","protected":false},"featured_media":45520,"comment_status":"closed","ping_status":"open","template":"","meta":[],"product_brand":[],"product_cat":[633,640],"product_tag":[],"class_list":{"0":"post-45519","1":"product","2":"type-product","3":"status-publish","4":"has-post-thumbnail","6":"product_cat-beleuchtung-tuning","7":"product_cat-rueckleuchten","8":"pa_kfz-hersteller-honda","9":"pa_kfz-modell-civic-2","11":"first","12":"instock","13":"purchasable","14":"product-type-simple"},"_links":{"self":[{"href":"https:\/\/car-2.de\/shop\/wp-json\/wp\/v2\/product\/45519","targetHints":{"allow":["GET"]}}],"collection":[{"href":"https:\/\/car-2.de\/shop\/wp-json\/wp\/v2\/product"}],"about":[{"href":"https:\/\/car-2.de\/shop\/wp-json\/wp\/v2\/types\/product"}],"replies":[{"embeddable":true,"href":"https:\/\/car-2.de\/shop\/wp-json\/wp\/v2\/comments?post=45519"}],"wp:featuredmedia":[{"embeddable":true,"href":"https:\/\/car-2.de\/shop\/wp-json\/wp\/v2\/media\/45520"}],"wp:attachment":[{"href":"https:\/\/car-2.de\/shop\/wp-json\/wp\/v2\/media?parent=45519"}],"wp:term":[{"taxonomy":"product_brand","embeddable":true,"href":"https:\/\/car-2.de\/shop\/wp-json\/wp\/v2\/product_brand?post=45519"},{"taxonomy":"product_cat","embeddable":true,"href":"https:\/\/car-2.de\/shop\/wp-json\/wp\/v2\/product_cat?post=45519"},{"taxonomy":"product_tag","embeddable":true,"href":"https:\/\/car-2.de\/shop\/wp-json\/wp\/v2\/product_tag?post=45519"}],"curies":[{"name":"wp","href":"https:\/\/api.w.org\/{rel}","templated":true}]}}