{"id":44995,"date":"2025-01-02T01:58:22","date_gmt":"2025-01-02T00:58:22","guid":{"rendered":"https:\/\/autotuning-shop.de\/shop\/produkt\/rueckleuchten-set-audi-a4-avant-typ-b5-95-00-schwarz-rot\/"},"modified":"2025-01-02T01:58:23","modified_gmt":"2025-01-02T00:58:23","slug":"rueckleuchten-set-audi-a4-avant-typ-b5-95-00-schwarz-rot","status":"publish","type":"product","link":"https:\/\/car-2.de\/shop\/produkt\/rueckleuchten-set-audi-a4-avant-typ-b5-95-00-schwarz-rot\/","title":{"rendered":"R\u00fcckleuchten Set Audi A4 Avant Typ B5  95-00 schwarz\/rot"},"content":{"rendered":"<p><span style=\"display: inline-block; width: 0px; overflow: hidden; line-height: 0;\" data-mce-type=\"bookmark\" class=\"mce_SELRES_start\">\ufeff<\/span><\/p>\n","protected":false},"excerpt":{"rendered":"<p>f\u00fcr Baujahr: 1995 bis 2000Farbe: schwarz\/rotmit E Pr\u00fcfzeichen (eintragungsfrei)R\u00fcckleuchten Audi A4 B5 8Dinkl. Kabelstrang1 Set bestehend aus 2 R\u00fcckleuchteneinfache Montagebeste VerarbeitungCrystal Designf\u00fcr Baujahr: 1995 bis 2000Farbe: schwarz\/rotmit E Pr\u00fcfzeichen (eintragungsfrei)R\u00fcckleuchten Audi A4 B5 8Dinkl. Kabelstrang1 Set bestehend aus 2 R\u00fcckleuchteneinfache Montagebeste VerarbeitungCrystal Design<\/p>\n","protected":false},"featured_media":44996,"comment_status":"closed","ping_status":"open","template":"","meta":[],"product_brand":[],"product_cat":[633,640],"product_tag":[],"class_list":{"0":"post-44995","1":"product","2":"type-product","3":"status-publish","4":"has-post-thumbnail","6":"product_cat-beleuchtung-tuning","7":"product_cat-rueckleuchten","8":"pa_kfz-hersteller-audi","9":"pa_kfz-modell-a4-b5-8d","11":"first","12":"instock","13":"purchasable","14":"product-type-simple"},"_links":{"self":[{"href":"https:\/\/car-2.de\/shop\/wp-json\/wp\/v2\/product\/44995","targetHints":{"allow":["GET"]}}],"collection":[{"href":"https:\/\/car-2.de\/shop\/wp-json\/wp\/v2\/product"}],"about":[{"href":"https:\/\/car-2.de\/shop\/wp-json\/wp\/v2\/types\/product"}],"replies":[{"embeddable":true,"href":"https:\/\/car-2.de\/shop\/wp-json\/wp\/v2\/comments?post=44995"}],"wp:featuredmedia":[{"embeddable":true,"href":"https:\/\/car-2.de\/shop\/wp-json\/wp\/v2\/media\/44996"}],"wp:attachment":[{"href":"https:\/\/car-2.de\/shop\/wp-json\/wp\/v2\/media?parent=44995"}],"wp:term":[{"taxonomy":"product_brand","embeddable":true,"href":"https:\/\/car-2.de\/shop\/wp-json\/wp\/v2\/product_brand?post=44995"},{"taxonomy":"product_cat","embeddable":true,"href":"https:\/\/car-2.de\/shop\/wp-json\/wp\/v2\/product_cat?post=44995"},{"taxonomy":"product_tag","embeddable":true,"href":"https:\/\/car-2.de\/shop\/wp-json\/wp\/v2\/product_tag?post=44995"}],"curies":[{"name":"wp","href":"https:\/\/api.w.org\/{rel}","templated":true}]}}