{"id":44783,"date":"2025-01-02T01:57:18","date_gmt":"2025-01-02T00:57:18","guid":{"rendered":"https:\/\/autotuning-shop.de\/shop\/produkt\/led-rueckleuchten-vw-bora-typ-1j-98-03-klar-rot\/"},"modified":"2025-01-02T01:57:21","modified_gmt":"2025-01-02T00:57:21","slug":"led-rueckleuchten-vw-bora-typ-1j-98-03-klar-rot","status":"publish","type":"product","link":"https:\/\/car-2.de\/shop\/produkt\/led-rueckleuchten-vw-bora-typ-1j-98-03-klar-rot\/","title":{"rendered":"Led R\u00fcckleuchten VW Bora Typ 1J  98-03 klar\/rot"},"content":{"rendered":"<p><span style=\"display: inline-block; width: 0px; overflow: hidden; line-height: 0;\" data-mce-type=\"bookmark\" class=\"mce_SELRES_start\">\ufeff<\/span><\/p>\n","protected":false},"excerpt":{"rendered":"<p>f\u00fcr VW Boraf\u00fcr Baujahr: 1998 bis 2003Farbe: klar\/rotmit E Pr\u00fcfzeichen (eintragungsfrei)led R\u00fcckleuchten VW BoraLED Leuchtmittel enthaltenlinks + rechts (Set)einfache Montagebeste Verarbeitungf\u00fcr VW Boraf\u00fcr Baujahr: 1998 bis 2003Farbe: klar\/rotmit E Pr\u00fcfzeichen (eintragungsfrei)led R\u00fcckleuchten VW BoraLED Leuchtmittel enthaltenlinks + rechts (Set)einfache Montagebeste Verarbeitung<\/p>\n","protected":false},"featured_media":44784,"comment_status":"closed","ping_status":"open","template":"","meta":[],"product_brand":[],"product_cat":[633,640],"product_tag":[],"class_list":{"0":"post-44783","1":"product","2":"type-product","3":"status-publish","4":"has-post-thumbnail","6":"product_cat-beleuchtung-tuning","7":"product_cat-rueckleuchten","8":"pa_kfz-hersteller-vw","9":"pa_kfz-modell-bora","11":"first","12":"instock","13":"purchasable","14":"product-type-simple"},"_links":{"self":[{"href":"https:\/\/car-2.de\/shop\/wp-json\/wp\/v2\/product\/44783","targetHints":{"allow":["GET"]}}],"collection":[{"href":"https:\/\/car-2.de\/shop\/wp-json\/wp\/v2\/product"}],"about":[{"href":"https:\/\/car-2.de\/shop\/wp-json\/wp\/v2\/types\/product"}],"replies":[{"embeddable":true,"href":"https:\/\/car-2.de\/shop\/wp-json\/wp\/v2\/comments?post=44783"}],"wp:featuredmedia":[{"embeddable":true,"href":"https:\/\/car-2.de\/shop\/wp-json\/wp\/v2\/media\/44784"}],"wp:attachment":[{"href":"https:\/\/car-2.de\/shop\/wp-json\/wp\/v2\/media?parent=44783"}],"wp:term":[{"taxonomy":"product_brand","embeddable":true,"href":"https:\/\/car-2.de\/shop\/wp-json\/wp\/v2\/product_brand?post=44783"},{"taxonomy":"product_cat","embeddable":true,"href":"https:\/\/car-2.de\/shop\/wp-json\/wp\/v2\/product_cat?post=44783"},{"taxonomy":"product_tag","embeddable":true,"href":"https:\/\/car-2.de\/shop\/wp-json\/wp\/v2\/product_tag?post=44783"}],"curies":[{"name":"wp","href":"https:\/\/api.w.org\/{rel}","templated":true}]}}