{"id":44499,"date":"2025-01-02T01:55:37","date_gmt":"2025-01-02T00:55:37","guid":{"rendered":"https:\/\/autotuning-shop.de\/shop\/produkt\/led-rueckleuchten-set-ford-focus-turnier-dnw-98-04-chrom\/"},"modified":"2025-01-02T01:55:38","modified_gmt":"2025-01-02T00:55:38","slug":"led-rueckleuchten-set-ford-focus-turnier-dnw-98-04-chrom","status":"publish","type":"product","link":"https:\/\/car-2.de\/shop\/produkt\/led-rueckleuchten-set-ford-focus-turnier-dnw-98-04-chrom\/","title":{"rendered":"LED R\u00fcckleuchten Set Ford Focus Turnier DNW  98-04 chrom"},"content":{"rendered":"<p><span style=\"display: inline-block; width: 0px; overflow: hidden; line-height: 0;\" data-mce-type=\"bookmark\" class=\"mce_SELRES_start\">\ufeff<\/span><\/p>\n","protected":false},"excerpt":{"rendered":"<p>f\u00fcr Baujahr: 1998 bis 2004Farbe: chrommit E Pr\u00fcfzeichen (eintragungsfrei)led R\u00fcckleuchten Ford Focus 2 C307f\u00fcr Fahrzeugtyp: DAW\/DBW\/DFW\/DNW\/DB1\/DA1inkl. Kabelstrang f\u00fcr LEDLED Leuchtmittel enthalten1 Set bestehend aus 2 R\u00fcckleuchtenf\u00fcr Baujahr: 1998 bis 2004Farbe: chrommit E Pr\u00fcfzeichen (eintragungsfrei)led R\u00fcckleuchten Ford Focus 2 C307f\u00fcr Fahrzeugtyp: DAW\/DBW\/DFW\/DNW\/DB1\/DA1inkl. Kabelstrang f\u00fcr LEDLED Leuchtmittel enthalten1 Set bestehend aus 2 R\u00fcckleuchten<\/p>\n","protected":false},"featured_media":44500,"comment_status":"closed","ping_status":"open","template":"","meta":[],"product_brand":[],"product_cat":[633,640],"product_tag":[],"class_list":{"0":"post-44499","1":"product","2":"type-product","3":"status-publish","4":"has-post-thumbnail","6":"product_cat-beleuchtung-tuning","7":"product_cat-rueckleuchten","8":"pa_kfz-hersteller-ford","9":"pa_kfz-modell-focus-1-c170","11":"first","12":"instock","13":"purchasable","14":"product-type-simple"},"_links":{"self":[{"href":"https:\/\/car-2.de\/shop\/wp-json\/wp\/v2\/product\/44499","targetHints":{"allow":["GET"]}}],"collection":[{"href":"https:\/\/car-2.de\/shop\/wp-json\/wp\/v2\/product"}],"about":[{"href":"https:\/\/car-2.de\/shop\/wp-json\/wp\/v2\/types\/product"}],"replies":[{"embeddable":true,"href":"https:\/\/car-2.de\/shop\/wp-json\/wp\/v2\/comments?post=44499"}],"wp:featuredmedia":[{"embeddable":true,"href":"https:\/\/car-2.de\/shop\/wp-json\/wp\/v2\/media\/44500"}],"wp:attachment":[{"href":"https:\/\/car-2.de\/shop\/wp-json\/wp\/v2\/media?parent=44499"}],"wp:term":[{"taxonomy":"product_brand","embeddable":true,"href":"https:\/\/car-2.de\/shop\/wp-json\/wp\/v2\/product_brand?post=44499"},{"taxonomy":"product_cat","embeddable":true,"href":"https:\/\/car-2.de\/shop\/wp-json\/wp\/v2\/product_cat?post=44499"},{"taxonomy":"product_tag","embeddable":true,"href":"https:\/\/car-2.de\/shop\/wp-json\/wp\/v2\/product_tag?post=44499"}],"curies":[{"name":"wp","href":"https:\/\/api.w.org\/{rel}","templated":true}]}}