{"id":44491,"date":"2025-01-10T13:36:37","date_gmt":"2025-01-10T12:36:37","guid":{"rendered":"https:\/\/autotuning-shop.de\/shop\/produkt\/led-rueckleuchten-set-ford-focus-turnier-dnw-98-04-klar-rot\/"},"modified":"2025-01-10T13:36:38","modified_gmt":"2025-01-10T12:36:38","slug":"led-rueckleuchten-set-ford-focus-turnier-dnw-98-04-klar-rot","status":"publish","type":"product","link":"https:\/\/car-2.de\/shop\/produkt\/led-rueckleuchten-set-ford-focus-turnier-dnw-98-04-klar-rot\/","title":{"rendered":"LED R\u00fcckleuchten Set Ford Focus Turnier DNW  98-04 klar\/rot"},"content":{"rendered":"<p><span style=\"display: inline-block; width: 0px; overflow: hidden; line-height: 0;\" data-mce-type=\"bookmark\" class=\"mce_SELRES_start\">\ufeff<\/span><\/p>\n","protected":false},"excerpt":{"rendered":"<p>f\u00fcr Ford Focus 1 (C170)f\u00fcr Rechtslenkerf\u00fcr Baujahr: 1998 bis 2004f\u00fcr Fahrzeugtyp: DAW\/DBW\/DFW\/DNW\/DB1\/DA1Farbe: klar\/rotmit E Pr\u00fcfzeichen (eintragungsfrei)LED Leuchtmittel enthaltenlinks + rechts (Set)einfache Montagebeste Verarbeitungf\u00fcr Ford Focus 1 (C170)f\u00fcr Rechtslenkerf\u00fcr Baujahr: 1998 bis 2004f\u00fcr Fahrzeugtyp: DAW\/DBW\/DFW\/DNW\/DB1\/DA1Farbe: klar\/rotmit E Pr\u00fcfzeichen (eintragungsfrei)LED Leuchtmittel enthaltenlinks + rechts (Set)einfache Montagebeste Verarbeitung<\/p>\n","protected":false},"featured_media":54640,"comment_status":"closed","ping_status":"open","template":"","meta":[],"product_brand":[],"product_cat":[633,640],"product_tag":[],"class_list":{"0":"post-44491","1":"product","2":"type-product","3":"status-publish","4":"has-post-thumbnail","6":"product_cat-beleuchtung-tuning","7":"product_cat-rueckleuchten","8":"pa_kfz-hersteller-ford","9":"pa_kfz-modell-focus-1-c170","11":"first","12":"instock","13":"purchasable","14":"product-type-simple"},"_links":{"self":[{"href":"https:\/\/car-2.de\/shop\/wp-json\/wp\/v2\/product\/44491","targetHints":{"allow":["GET"]}}],"collection":[{"href":"https:\/\/car-2.de\/shop\/wp-json\/wp\/v2\/product"}],"about":[{"href":"https:\/\/car-2.de\/shop\/wp-json\/wp\/v2\/types\/product"}],"replies":[{"embeddable":true,"href":"https:\/\/car-2.de\/shop\/wp-json\/wp\/v2\/comments?post=44491"}],"wp:featuredmedia":[{"embeddable":true,"href":"https:\/\/car-2.de\/shop\/wp-json\/wp\/v2\/media\/54640"}],"wp:attachment":[{"href":"https:\/\/car-2.de\/shop\/wp-json\/wp\/v2\/media?parent=44491"}],"wp:term":[{"taxonomy":"product_brand","embeddable":true,"href":"https:\/\/car-2.de\/shop\/wp-json\/wp\/v2\/product_brand?post=44491"},{"taxonomy":"product_cat","embeddable":true,"href":"https:\/\/car-2.de\/shop\/wp-json\/wp\/v2\/product_cat?post=44491"},{"taxonomy":"product_tag","embeddable":true,"href":"https:\/\/car-2.de\/shop\/wp-json\/wp\/v2\/product_tag?post=44491"}],"curies":[{"name":"wp","href":"https:\/\/api.w.org\/{rel}","templated":true}]}}