{"id":44409,"date":"2025-01-02T01:54:47","date_gmt":"2025-01-02T00:54:47","guid":{"rendered":"https:\/\/autotuning-shop.de\/shop\/produkt\/led-rueckleuchten-set-bmw-x5-typ-e53-98-02-schwarz\/"},"modified":"2025-01-02T01:54:51","modified_gmt":"2025-01-02T00:54:51","slug":"led-rueckleuchten-set-bmw-x5-typ-e53-98-02-schwarz","status":"publish","type":"product","link":"https:\/\/car-2.de\/shop\/produkt\/led-rueckleuchten-set-bmw-x5-typ-e53-98-02-schwarz\/","title":{"rendered":"LED R\u00fcckleuchten Set BMW X5 Typ E53 98-02 schwarz"},"content":{"rendered":"<p><span style=\"display: inline-block; width: 0px; overflow: hidden; line-height: 0;\" data-mce-type=\"bookmark\" class=\"mce_SELRES_start\">\ufeff<\/span><\/p>\n","protected":false},"excerpt":{"rendered":"<p>f\u00fcr BMW X5 E53f\u00fcr Baujahr: 1998 bis 2002mit E Pr\u00fcfzeichen (eintragungsfrei)led R\u00fcckleuchten BMW X5 E53inkl. Kabelstrang f\u00fcr LEDLED Leuchtmittel enthalten1 Set bestehend aus 2 R\u00fcckleuchteneinfache Montagebeste Verarbeitungf\u00fcr BMW X5 E53f\u00fcr Baujahr: 1998 bis 2002mit E Pr\u00fcfzeichen (eintragungsfrei)led R\u00fcckleuchten BMW X5 E53inkl. Kabelstrang f\u00fcr LEDLED Leuchtmittel enthalten1 Set bestehend aus 2 R\u00fcckleuchteneinfache Montagebeste Verarbeitung<\/p>\n","protected":false},"featured_media":44410,"comment_status":"closed","ping_status":"open","template":"","meta":[],"product_brand":[],"product_cat":[633,640],"product_tag":[],"class_list":{"0":"post-44409","1":"product","2":"type-product","3":"status-publish","4":"has-post-thumbnail","6":"product_cat-beleuchtung-tuning","7":"product_cat-rueckleuchten","8":"pa_kfz-hersteller-bmw","9":"pa_kfz-modell-x5-e53","11":"first","12":"instock","13":"purchasable","14":"product-type-simple"},"_links":{"self":[{"href":"https:\/\/car-2.de\/shop\/wp-json\/wp\/v2\/product\/44409","targetHints":{"allow":["GET"]}}],"collection":[{"href":"https:\/\/car-2.de\/shop\/wp-json\/wp\/v2\/product"}],"about":[{"href":"https:\/\/car-2.de\/shop\/wp-json\/wp\/v2\/types\/product"}],"replies":[{"embeddable":true,"href":"https:\/\/car-2.de\/shop\/wp-json\/wp\/v2\/comments?post=44409"}],"wp:featuredmedia":[{"embeddable":true,"href":"https:\/\/car-2.de\/shop\/wp-json\/wp\/v2\/media\/44410"}],"wp:attachment":[{"href":"https:\/\/car-2.de\/shop\/wp-json\/wp\/v2\/media?parent=44409"}],"wp:term":[{"taxonomy":"product_brand","embeddable":true,"href":"https:\/\/car-2.de\/shop\/wp-json\/wp\/v2\/product_brand?post=44409"},{"taxonomy":"product_cat","embeddable":true,"href":"https:\/\/car-2.de\/shop\/wp-json\/wp\/v2\/product_cat?post=44409"},{"taxonomy":"product_tag","embeddable":true,"href":"https:\/\/car-2.de\/shop\/wp-json\/wp\/v2\/product_tag?post=44409"}],"curies":[{"name":"wp","href":"https:\/\/api.w.org\/{rel}","templated":true}]}}