{"id":43698,"date":"2025-01-02T01:51:34","date_gmt":"2025-01-02T00:51:34","guid":{"rendered":"https:\/\/autotuning-shop.de\/shop\/produkt\/led-rueckleuchten-set-lightbar-porsche-boxster-typ-987-04-09-schwarz\/"},"modified":"2025-01-02T01:51:35","modified_gmt":"2025-01-02T00:51:35","slug":"led-rueckleuchten-set-lightbar-porsche-boxster-typ-987-04-09-schwarz","status":"publish","type":"product","link":"https:\/\/car-2.de\/shop\/produkt\/led-rueckleuchten-set-lightbar-porsche-boxster-typ-987-04-09-schwarz\/","title":{"rendered":"LED R\u00fcckleuchten Set Lightbar Porsche Boxster Typ 987  04-09 schwarz"},"content":{"rendered":"<p><span style=\"display: inline-block; width: 0px; overflow: hidden; line-height: 0;\" data-mce-type=\"bookmark\" class=\"mce_SELRES_start\">\ufeff<\/span><\/p>\n","protected":false},"excerpt":{"rendered":"<p>f\u00fcr Porsche Boxster (987)f\u00fcr Baujahr: 2004 bis 2009Farbe: schwarzmit animierten Blinkernmit E Pr\u00fcfzeichen (eintragungsfrei)LED R\u00fcckleuchtenlinks + rechts (Set)f\u00fcr Porsche Boxster (987)f\u00fcr Baujahr: 2004 bis 2009Farbe: schwarzmit animierten Blinkernmit E Pr\u00fcfzeichen (eintragungsfrei)LED R\u00fcckleuchtenlinks + rechts (Set)<\/p>\n","protected":false},"featured_media":43699,"comment_status":"closed","ping_status":"open","template":"","meta":[],"product_brand":[],"product_cat":[633,640],"product_tag":[],"class_list":{"0":"post-43698","1":"product","2":"type-product","3":"status-publish","4":"has-post-thumbnail","6":"product_cat-beleuchtung-tuning","7":"product_cat-rueckleuchten","8":"pa_kfz-hersteller-porsche","9":"pa_kfz-modell-boxster-987","11":"first","12":"instock","13":"purchasable","14":"product-type-simple"},"_links":{"self":[{"href":"https:\/\/car-2.de\/shop\/wp-json\/wp\/v2\/product\/43698","targetHints":{"allow":["GET"]}}],"collection":[{"href":"https:\/\/car-2.de\/shop\/wp-json\/wp\/v2\/product"}],"about":[{"href":"https:\/\/car-2.de\/shop\/wp-json\/wp\/v2\/types\/product"}],"replies":[{"embeddable":true,"href":"https:\/\/car-2.de\/shop\/wp-json\/wp\/v2\/comments?post=43698"}],"wp:featuredmedia":[{"embeddable":true,"href":"https:\/\/car-2.de\/shop\/wp-json\/wp\/v2\/media\/43699"}],"wp:attachment":[{"href":"https:\/\/car-2.de\/shop\/wp-json\/wp\/v2\/media?parent=43698"}],"wp:term":[{"taxonomy":"product_brand","embeddable":true,"href":"https:\/\/car-2.de\/shop\/wp-json\/wp\/v2\/product_brand?post=43698"},{"taxonomy":"product_cat","embeddable":true,"href":"https:\/\/car-2.de\/shop\/wp-json\/wp\/v2\/product_cat?post=43698"},{"taxonomy":"product_tag","embeddable":true,"href":"https:\/\/car-2.de\/shop\/wp-json\/wp\/v2\/product_tag?post=43698"}],"curies":[{"name":"wp","href":"https:\/\/api.w.org\/{rel}","templated":true}]}}