{"id":33426,"date":"2025-01-02T02:20:21","date_gmt":"2025-01-02T01:20:21","guid":{"rendered":"http:\/\/automotive.system199.de\/shop\/produkt\/fk-haerteverstellbares-gewindefahrwerk-ersatzteile-hinterachse-nur-1-seite-vw-golf-5-1k-2003-2008-mit-55mm-federbein\/"},"modified":"2025-01-02T02:20:22","modified_gmt":"2025-01-02T01:20:22","slug":"fk-haerteverstellbares-gewindefahrwerk-ersatzteile-hinterachse-nur-1-seite-vw-golf-5-1k-2003-2008-mit-55mm-federbein","status":"publish","type":"product","link":"https:\/\/car-2.de\/shop\/produkt\/fk-haerteverstellbares-gewindefahrwerk-ersatzteile-hinterachse-nur-1-seite-vw-golf-5-1k-2003-2008-mit-55mm-federbein\/","title":{"rendered":"FK H\u00e4rteverstellbares Gewindefahrwerk Ersatzteile Hinterachse (nur 1 Seite) VW Golf 5 1K  2003-2008 mit 55mm Federbein"},"content":{"rendered":"<p><span style=\"display: inline-block; width: 0px; overflow: hidden; line-height: 0;\" data-mce-type=\"bookmark\" class=\"mce_SELRES_start\">\ufeff<\/span><\/p>\n","protected":false},"excerpt":{"rendered":"<p>FK H\u00e4rteverstellbares Gewindefahrwerk Ersatzteile Hinterachse (nur 1 Seite)Set bestehend aus 1 HA D\u00e4mpfer, 1 HA Feder und Gewindeklotz inkl. Nutmutternf\u00fcr VW Golf 5 1K  2003 bis 2008nur f\u00fcr Fahrzeuge mit 55mm Federbeinklemmdurchmesser vorneMaterial: Stahl verzinktD\u00e4mpfer in der Zugstufe 23 fach h\u00e4rteverstellbarTieferlegung ca. 35 bis 65 mmmax. Achslast hinten 1220 kgFK H\u00e4rteverstellbares Gewindefahrwerk Ersatzteile Hinterachse (nur 1 Seite)Set bestehend aus 1 HA D\u00e4mpfer, 1 HA Feder und Gewindeklotz inkl. Nutmutternf\u00fcr VW Golf 5 1K  2003 bis 2008nur f\u00fcr Fahrzeuge mit 55mm Federbeinklemmdurchmesser vorneMaterial: Stahl verzinktD\u00e4mpfer in der Zugstufe 23 fach h\u00e4rteverstellbarTieferlegung ca. 35 bis 65 mmmax. Achslast hinten 1220 kg<\/p>\n","protected":false},"featured_media":57955,"comment_status":"closed","ping_status":"open","template":"","meta":[],"product_brand":[],"product_cat":[641,643],"product_tag":[],"class_list":{"0":"post-33426","1":"product","2":"type-product","3":"status-publish","4":"has-post-thumbnail","6":"product_cat-fahrwerk-tuning","7":"product_cat-gewindefahrwerk-ersatzteile","8":"pa_kfz-hersteller-vw","9":"pa_kfz-modell-golf-5","11":"first","12":"instock","13":"purchasable","14":"product-type-simple"},"_links":{"self":[{"href":"https:\/\/car-2.de\/shop\/wp-json\/wp\/v2\/product\/33426","targetHints":{"allow":["GET"]}}],"collection":[{"href":"https:\/\/car-2.de\/shop\/wp-json\/wp\/v2\/product"}],"about":[{"href":"https:\/\/car-2.de\/shop\/wp-json\/wp\/v2\/types\/product"}],"replies":[{"embeddable":true,"href":"https:\/\/car-2.de\/shop\/wp-json\/wp\/v2\/comments?post=33426"}],"wp:featuredmedia":[{"embeddable":true,"href":"https:\/\/car-2.de\/shop\/wp-json\/wp\/v2\/media\/57955"}],"wp:attachment":[{"href":"https:\/\/car-2.de\/shop\/wp-json\/wp\/v2\/media?parent=33426"}],"wp:term":[{"taxonomy":"product_brand","embeddable":true,"href":"https:\/\/car-2.de\/shop\/wp-json\/wp\/v2\/product_brand?post=33426"},{"taxonomy":"product_cat","embeddable":true,"href":"https:\/\/car-2.de\/shop\/wp-json\/wp\/v2\/product_cat?post=33426"},{"taxonomy":"product_tag","embeddable":true,"href":"https:\/\/car-2.de\/shop\/wp-json\/wp\/v2\/product_tag?post=33426"}],"curies":[{"name":"wp","href":"https:\/\/api.w.org\/{rel}","templated":true}]}}