{"id":33421,"date":"2025-01-10T13:39:42","date_gmt":"2025-01-10T12:39:42","guid":{"rendered":"http:\/\/automotive.system199.de\/shop\/produkt\/fk-haerteverstellbares-gewindefahrwerk-seat-leon-1m-1999-2006\/"},"modified":"2025-01-10T13:39:43","modified_gmt":"2025-01-10T12:39:43","slug":"fk-haerteverstellbares-gewindefahrwerk-seat-leon-1m-1999-2006","status":"publish","type":"product","link":"https:\/\/car-2.de\/shop\/produkt\/fk-haerteverstellbares-gewindefahrwerk-seat-leon-1m-1999-2006\/","title":{"rendered":"FK H\u00e4rteverstellbares Gewindefahrwerk Seat Leon 1M  1999-2006"},"content":{"rendered":"<p>Das FK Gewindefahrwerk ist die erste Wahl bei allen, die ihr Fahrzeug tunen m&ouml;chten:- einfache und individuelle H&ouml;henverstellbarkeit im gepr&uuml;ften Verstellbereich- sportlich straffe Fahrt- erstklassige Qualit&auml;t f&uuml;r eine hohe Lebensdauer- mehr Fahrspa&szlig; durch exzellentes Kurvenverhalten- einbaufertige Komplettl&ouml;sung- optimal abgestimmte FK Qualit&auml;ts-Sportd&auml;mpferLieferumfang:1x FK Gewindefahrwerk und Hakenschl&uuml;ssel<span style=\"display: inline-block; width: 0px; overflow: hidden; line-height: 0;\" data-mce-type=\"bookmark\" class=\"mce_SELRES_start\">\ufeff<\/span><\/p>\n","protected":false},"excerpt":{"rendered":"<p>FK Gewindefahrwerk, h\u00f6henverstellbares Sportfahrwerk mit H\u00e4rteverstellungf\u00fcr Seat Leon 1M  1999 bis 2006nur f\u00fcr Fahrzeuge ohne Stabihalter am FederbeinT\u00dcV zugelassen \/ inkl. Teilegutachten nach \u00a719.3Tieferlegung ca. 35 bis 55 mmMaterial: Stahl verzinktD\u00e4mpfer in der Zugstufe 23 fach h\u00e4rteverstellbarindividuell h\u00f6henverstellbar, inkl. Hakenschl\u00fcsselmax. Achslast vorne 1010 kgmax. Achslast hinten 985 kgindividuell einstellbares Fahrwerk f\u00fcr anspruchsvolle FahrerFK Gewindefahrwerk, h\u00f6henverstellbares Sportfahrwerk mit H\u00e4rteverstellungf\u00fcr Seat Leon 1M  1999 bis 2006nur f\u00fcr Fahrzeuge ohne Stabihalter am FederbeinT\u00dcV zugelassen \/ inkl. Teilegutachten nach \u00a719.3Tieferlegung ca. 35 bis 55 mmMaterial: Stahl verzinktD\u00e4mpfer in der Zugstufe 23 fach h\u00e4rteverstellbarindividuell h\u00f6henverstellbar, inkl. Hakenschl\u00fcsselmax. Achslast vorne 1010 kgmax. Achslast hinten 985 kgindividuell einstellbares Fahrwerk f\u00fcr anspruchsvolle Fahrer<\/p>\n","protected":false},"featured_media":49531,"comment_status":"closed","ping_status":"open","template":"","meta":[],"product_brand":[],"product_cat":[641,646],"product_tag":[],"class_list":{"0":"post-33421","1":"product","2":"type-product","3":"status-publish","4":"has-post-thumbnail","6":"product_cat-fahrwerk-tuning","7":"product_cat-gewindefahrwerk","8":"pa_kfz-hersteller-seat","9":"pa_kfz-modell-leon-1m1","11":"first","12":"instock","13":"purchasable","14":"product-type-simple"},"_links":{"self":[{"href":"https:\/\/car-2.de\/shop\/wp-json\/wp\/v2\/product\/33421","targetHints":{"allow":["GET"]}}],"collection":[{"href":"https:\/\/car-2.de\/shop\/wp-json\/wp\/v2\/product"}],"about":[{"href":"https:\/\/car-2.de\/shop\/wp-json\/wp\/v2\/types\/product"}],"replies":[{"embeddable":true,"href":"https:\/\/car-2.de\/shop\/wp-json\/wp\/v2\/comments?post=33421"}],"wp:featuredmedia":[{"embeddable":true,"href":"https:\/\/car-2.de\/shop\/wp-json\/wp\/v2\/media\/49531"}],"wp:attachment":[{"href":"https:\/\/car-2.de\/shop\/wp-json\/wp\/v2\/media?parent=33421"}],"wp:term":[{"taxonomy":"product_brand","embeddable":true,"href":"https:\/\/car-2.de\/shop\/wp-json\/wp\/v2\/product_brand?post=33421"},{"taxonomy":"product_cat","embeddable":true,"href":"https:\/\/car-2.de\/shop\/wp-json\/wp\/v2\/product_cat?post=33421"},{"taxonomy":"product_tag","embeddable":true,"href":"https:\/\/car-2.de\/shop\/wp-json\/wp\/v2\/product_tag?post=33421"}],"curies":[{"name":"wp","href":"https:\/\/api.w.org\/{rel}","templated":true}]}}