{"id":33417,"date":"2025-01-02T02:20:10","date_gmt":"2025-01-02T01:20:10","guid":{"rendered":"http:\/\/automotive.system199.de\/shop\/produkt\/fk-haerteverstellbares-gewindefahrwerk-ersatzteile-vorderachse-links-bmw-3er-e36-limo-touring-1992-1999\/"},"modified":"2025-01-02T02:20:13","modified_gmt":"2025-01-02T01:20:13","slug":"fk-haerteverstellbares-gewindefahrwerk-ersatzteile-vorderachse-links-bmw-3er-e36-limo-touring-1992-1999","status":"publish","type":"product","link":"https:\/\/car-2.de\/shop\/produkt\/fk-haerteverstellbares-gewindefahrwerk-ersatzteile-vorderachse-links-bmw-3er-e36-limo-touring-1992-1999\/","title":{"rendered":"FK H\u00e4rteverstellbares Gewindefahrwerk Ersatzteile Vorderachse links BMW 3er E36 Limo\/Touring  1992-1999"},"content":{"rendered":"<p><span style=\"display: inline-block; width: 0px; overflow: hidden; line-height: 0;\" data-mce-type=\"bookmark\" class=\"mce_SELRES_start\">\ufeff<\/span><\/p>\n","protected":false},"excerpt":{"rendered":"<p>FK H\u00e4rteverstellbares Gewindefahrwerk Ersatzteile Vorderachse linksSet bestehend aus 1 linkem VA Federbein inkl. Feder(n), Nutmuttern und Federtellerf\u00fcr BMW 3er E36 Limo\/Touring  1992 bis 1999Material: Stahl verzinktD\u00e4mpfer in der Zugstufe 23 fach h\u00e4rteverstellbarTieferlegung ca. 40 bis 80 mmmax. Achslast vorne 920 kgFK H\u00e4rteverstellbares Gewindefahrwerk Ersatzteile Vorderachse linksSet bestehend aus 1 linkem VA Federbein inkl. Feder(n), Nutmuttern und Federtellerf\u00fcr BMW 3er E36 Limo\/Touring  1992 bis 1999Material: Stahl verzinktD\u00e4mpfer in der Zugstufe 23 fach h\u00e4rteverstellbarTieferlegung ca. 40 bis 80 mmmax. Achslast vorne 920 kg<\/p>\n","protected":false},"featured_media":57920,"comment_status":"closed","ping_status":"open","template":"","meta":[],"product_brand":[],"product_cat":[641,643],"product_tag":[],"class_list":{"0":"post-33417","1":"product","2":"type-product","3":"status-publish","4":"has-post-thumbnail","6":"product_cat-fahrwerk-tuning","7":"product_cat-gewindefahrwerk-ersatzteile","8":"pa_kfz-hersteller-bmw","9":"pa_kfz-modell-3er-e36","11":"first","12":"instock","13":"purchasable","14":"product-type-simple"},"_links":{"self":[{"href":"https:\/\/car-2.de\/shop\/wp-json\/wp\/v2\/product\/33417","targetHints":{"allow":["GET"]}}],"collection":[{"href":"https:\/\/car-2.de\/shop\/wp-json\/wp\/v2\/product"}],"about":[{"href":"https:\/\/car-2.de\/shop\/wp-json\/wp\/v2\/types\/product"}],"replies":[{"embeddable":true,"href":"https:\/\/car-2.de\/shop\/wp-json\/wp\/v2\/comments?post=33417"}],"wp:featuredmedia":[{"embeddable":true,"href":"https:\/\/car-2.de\/shop\/wp-json\/wp\/v2\/media\/57920"}],"wp:attachment":[{"href":"https:\/\/car-2.de\/shop\/wp-json\/wp\/v2\/media?parent=33417"}],"wp:term":[{"taxonomy":"product_brand","embeddable":true,"href":"https:\/\/car-2.de\/shop\/wp-json\/wp\/v2\/product_brand?post=33417"},{"taxonomy":"product_cat","embeddable":true,"href":"https:\/\/car-2.de\/shop\/wp-json\/wp\/v2\/product_cat?post=33417"},{"taxonomy":"product_tag","embeddable":true,"href":"https:\/\/car-2.de\/shop\/wp-json\/wp\/v2\/product_tag?post=33417"}],"curies":[{"name":"wp","href":"https:\/\/api.w.org\/{rel}","templated":true}]}}