{"id":33269,"date":"2025-01-10T13:38:53","date_gmt":"2025-01-10T12:38:53","guid":{"rendered":"http:\/\/automotive.system199.de\/shop\/produkt\/adapterhuelsen-set-50-auf-55mm-fuer-gewindefahrwerk-smvw1701-smvw1703\/"},"modified":"2025-01-10T13:38:53","modified_gmt":"2025-01-10T12:38:53","slug":"adapterhuelsen-set-50-auf-55mm-fuer-gewindefahrwerk-smvw1701-smvw1703","status":"publish","type":"product","link":"https:\/\/car-2.de\/shop\/produkt\/adapterhuelsen-set-50-auf-55mm-fuer-gewindefahrwerk-smvw1701-smvw1703\/","title":{"rendered":"Adapterh\u00fclsen Set 50 auf 55mm f\u00fcr Gewindefahrwerk SMVW1701 + SMVW1703"},"content":{"rendered":"<p><span style=\"display: inline-block; width: 0px; overflow: hidden; line-height: 0;\" data-mce-type=\"bookmark\" class=\"mce_SELRES_start\">\ufeff<\/span><\/p>\n","protected":false},"excerpt":{"rendered":"<p>Adapterh\u00fclsen zur \u00c4nderung des vorderen Federbeinklemmdurchmessers von 50 auf 55mmSet bestehend aus 2 St\u00fcckpassend bei den gewindefahrwerken SMVW1701(&#8230;\u2026) und SMVW1703(&#8230;\u2026)Adapterh\u00fclsen zur \u00c4nderung des vorderen Federbeinklemmdurchmessers von 50 auf 55mmSet bestehend aus 2 St\u00fcckpassend bei den gewindefahrwerken SMVW1701(&#8230;\u2026) und SMVW1703(&#8230;\u2026)<\/p>\n","protected":false},"featured_media":57355,"comment_status":"closed","ping_status":"open","template":"","meta":[],"product_brand":[],"product_cat":[641,642],"product_tag":[],"class_list":{"0":"post-33269","1":"product","2":"type-product","3":"status-publish","4":"has-post-thumbnail","6":"product_cat-fahrwerk-tuning","7":"product_cat-fahrwerk-zubehoer","8":"pa_kfz-hersteller-universal","9":"pa_kfz-modell-universal","11":"first","12":"instock","13":"purchasable","14":"product-type-simple"},"_links":{"self":[{"href":"https:\/\/car-2.de\/shop\/wp-json\/wp\/v2\/product\/33269","targetHints":{"allow":["GET"]}}],"collection":[{"href":"https:\/\/car-2.de\/shop\/wp-json\/wp\/v2\/product"}],"about":[{"href":"https:\/\/car-2.de\/shop\/wp-json\/wp\/v2\/types\/product"}],"replies":[{"embeddable":true,"href":"https:\/\/car-2.de\/shop\/wp-json\/wp\/v2\/comments?post=33269"}],"wp:featuredmedia":[{"embeddable":true,"href":"https:\/\/car-2.de\/shop\/wp-json\/wp\/v2\/media\/57355"}],"wp:attachment":[{"href":"https:\/\/car-2.de\/shop\/wp-json\/wp\/v2\/media?parent=33269"}],"wp:term":[{"taxonomy":"product_brand","embeddable":true,"href":"https:\/\/car-2.de\/shop\/wp-json\/wp\/v2\/product_brand?post=33269"},{"taxonomy":"product_cat","embeddable":true,"href":"https:\/\/car-2.de\/shop\/wp-json\/wp\/v2\/product_cat?post=33269"},{"taxonomy":"product_tag","embeddable":true,"href":"https:\/\/car-2.de\/shop\/wp-json\/wp\/v2\/product_tag?post=33269"}],"curies":[{"name":"wp","href":"https:\/\/api.w.org\/{rel}","templated":true}]}}